{"id":21057,"date":"2024-04-22T12:32:04","date_gmt":"2024-04-22T12:32:04","guid":{"rendered":"https:\/\/aimdoll.com\/product\/affordable-lucy-jean-tpe-teen-girls-sex-porn\/"},"modified":"2024-05-14T08:09:23","modified_gmt":"2024-05-14T08:09:23","slug":"affordable-lucy-jean-tpe-teen-girls-sex-porn","status":"publish","type":"product","link":"https:\/\/romadoll.com\/ro\/product\/la-preturi-accesibile-lucy-jean-tpe-fete-adolescente-sex-porno\/","title":{"rendered":"Affordable Lucy Jean Tpe Teen Girls Sex Porn"},"content":{"rendered":"<p>Mini p\u0103pu\u0219a sexual\u0103 accesibil\u0103 de 80 cm \u00ee\u021bi satisface nevoile sexuale la bugetul t\u0103u. S\u0103 vezi fete adolescente f\u0103c\u00e2nd o p\u0103pu\u0219\u0103 adev\u0103rat\u0103, \u0219tii c\u0103 pl\u0103cerea sexual\u0103 nu este pentru c\u00e2\u021biva ale\u0219i. Lucy jean my little sex doll free hd poate fi fotografiat pentru galeria ta. Imaginile realiste cu p\u0103pu\u0219i sexuale servesc drept amintiri pentru o sesiune de sex uimitoare.<\/p>\n<p>&nbsp;<\/p>\n<p>P\u0103pu\u0219a mini sex cu trunchi vine cu tr\u0103s\u0103turi \u0219i deschideri feminine. Ob\u021binerea unei mini p\u0103pu\u0219i sexuale cu piept plat pune accentul pe fundul ei. Pentru fotografii, pozatul cu p\u0103pu\u0219ile pentru adolescen\u021bi poate fi sexy. Cu p\u0103pu\u0219a cu pieptul plat, filmul gratuit porno cu p\u0103pu\u0219a mea pentru adolescen\u021bi este o combina\u021bie grozav\u0103.<\/p>\n<p>&nbsp;<\/p>\n<p>Videoclipul cu p\u0103pu\u0219ii sexuale pentru adolescen\u021bi NN arat\u0103 o mini p\u0103pu\u0219\u0103 sexual\u0103 TPE, cu un piept plat de 68 cm, f\u0103c\u00e2ndu-i mui cu u\u0219urin\u021b\u0103. P\u0103pu\u0219ile sexuale realiste nu se pl\u00e2ng niciodat\u0103 de c\u00e2t dureaz\u0103 o sesiune de sex.<\/p>\n<p>&nbsp;<\/p>\n<p>&nbsp;<\/p>\n\t\t<div data-elementor-type=\"section\" data-elementor-id=\"15956\" class=\"elementor elementor-15956\" data-elementor-post-type=\"elementor_library\">\n\t\t\t<div class=\"wd-negative-gap elementor-element elementor-element-e744d45 e-flex e-con-boxed e-con e-parent\" data-id=\"e744d45\" data-element_type=\"container\">\n\t\t\t\t\t<div class=\"e-con-inner\">\n\t\t<div class=\"wd-negative-gap elementor-element elementor-element-2abc4734 e-flex e-con-boxed e-con e-child\" data-id=\"2abc4734\" data-element_type=\"container\">\n\t\t\t\t\t<div class=\"e-con-inner\">\n\t\t<div class=\"wd-negative-gap elementor-element elementor-element-e4e90d0 e-flex e-con-boxed e-con e-child\" data-id=\"e4e90d0\" data-element_type=\"container\">\n\t\t\t\t\t<div class=\"e-con-inner\">\n\t\t\t\t<div class=\"elementor-element elementor-element-2191b1a4 elementor-cta--skin-cover elementor-animated-content elementor-bg-transform elementor-bg-transform-zoom-in elementor-widget elementor-widget-call-to-action\" data-id=\"2191b1a4\" data-element_type=\"widget\" data-widget_type=\"call-to-action.default\">\n\t\t\t\t<div class=\"elementor-widget-container\">\n\t\t\t\t\t<a class=\"elementor-cta\" href=\"https:\/\/romadoll.com\/ro\/poze-cu-papusi-sexuale\/\">\n\t\t\t\t\t<div class=\"elementor-cta__bg-wrapper\">\n\t\t\t\t<div class=\"elementor-cta__bg elementor-bg\" style=\"background-image: url(https:\/\/romadoll.com\/wp-content\/uploads\/2024\/04\/redirect.jpg);\" role=\"img\" aria-label=\"redirec\u0163iona\"><\/div>\n\t\t\t\t<div class=\"elementor-cta__bg-overlay\"><\/div>\n\t\t\t<\/div>\n\t\t\t\t\t\t\t<div class=\"elementor-cta__content\">\n\t\t\t\t\n\t\t\t\t\t\t\t\t\t<h2 class=\"elementor-cta__title elementor-cta__content-item elementor-content-item elementor-animated-item--grow\">\n\t\t\t\t\t\tPeste 2500 de mini-p\u0103pu\u0219i sexuale mici <\/br>sexdollxxx .com\t\t\t\t\t<\/h2>\n\t\t\t\t\n\t\t\t\t\t\t\t\t\t<div class=\"elementor-cta__description elementor-cta__content-item elementor-content-item elementor-animated-item--grow\">\n\t\t\t\t\t\t40 cm, 60 cm, 80 cm, 100 cm, 120 cm, 140 cm\t\t\t\t\t<\/div>\n\t\t\t\t\n\t\t\t\t\t\t\t\t\t<div class=\"elementor-cta__button-wrapper elementor-cta__content-item elementor-content-item elementor-animated-item--grow\">\n\t\t\t\t\t<span class=\"elementor-cta__button elementor-button elementor-size-md\">\n\t\t\t\t\t\tCump\u0103r\u0103 acum\t\t\t\t\t<\/span>\n\t\t\t\t\t<\/div>\n\t\t\t\t\t\t\t<\/div>\n\t\t\t\t\t\t<\/a>\n\t\t\t\t<\/div>\n\t\t\t\t<\/div>\n\t\t\t\t\t<\/div>\n\t\t\t\t<\/div>\n\t\t\t\t\t<\/div>\n\t\t\t\t<\/div>\n\t\t\t\t\t<\/div>\n\t\t\t\t<\/div>\n\t\t\t\t<\/div>","protected":false},"excerpt":{"rendered":"<div data-elementor-type=\"section\" data-elementor-id=\"15952\" class=\"elementor elementor-15952\" data-elementor-post-type=\"elementor_library\">\n<div class=\"wd-negative-gap elementor-element elementor-element-49f97e26 e-flex e-con-boxed e-con e-parent\" data-id=\"49f97e26\" data-element_type=\"container\">\n<div class=\"e-con-inner\">\n<div class=\"wd-negative-gap elementor-element elementor-element-449b9556 e-flex e-con-boxed e-con e-child\" data-id=\"449b9556\" data-element_type=\"container\">\n<div class=\"e-con-inner\">\n<div class=\"elementor-element elementor-element-613a7c10 elementor-cta--skin-cover elementor-animated-content elementor-bg-transform elementor-bg-transform-zoom-in elementor-widget elementor-widget-call-to-action\" data-id=\"613a7c10\" data-element_type=\"widget\" data-widget_type=\"call-to-action.default\">\n<div class=\"elementor-widget-container\">\n\t\t\t<link rel=\"stylesheet\" href=\"https:\/\/romadoll.com\/wp-content\/uploads\/elementor\/css\/custom-pro-widget-call-to-action.min.css?ver=1716301540\">\t\t<a class=\"elementor-cta\" href=\"https:\/\/romadoll.com\/ro\/poze-cu-papusi-sexuale\/\"><\/p>\n<div class=\"elementor-cta__bg-wrapper\">\n<div class=\"elementor-cta__bg elementor-bg\" style=\"background-image: url(https:\/\/romadoll.com\/wp-content\/uploads\/2024\/04\/redirect-1.jpg);\" role=\"img\" aria-label=\"redirect.jpg\"><\/div>\n<div class=\"elementor-cta__bg-overlay\"><\/div>\n<\/p><\/div>\n<div class=\"elementor-cta__content\">\n<h2 class=\"elementor-cta__title elementor-cta__content-item elementor-content-item elementor-animated-item--grow\">\n\t\t\t\t\t\tPeste 2500 de mini-p\u0103pu\u0219i sexuale mici <\/br>sexdollxxx .com\t\t\t\t\t<\/h2>\n<div class=\"elementor-cta__description elementor-cta__content-item elementor-content-item elementor-animated-item--grow\">\n\t\t\t\t\t\t40 cm, 60 cm, 80 cm, 100 cm, 120 cm, 140 cm\t\t\t\t\t<\/div>\n<div class=\"elementor-cta__button-wrapper elementor-cta__content-item elementor-content-item elementor-animated-item--grow\">\n\t\t\t\t\t<span class=\"elementor-cta__button elementor-button elementor-size-md\"><br \/>\n\t\t\t\t\t\tCump\u0103r\u0103 acum\t\t\t\t\t<\/span>\n\t\t\t\t\t<\/div>\n<\/p><\/div>\n<p>\t\t\t\t\t\t<\/a>\n\t\t\t\t<\/div>\n<\/p><\/div>\n<\/p><\/div>\n<\/p><\/div>\n<\/p><\/div>\n<\/p><\/div>\n<\/p><\/div>","protected":false},"featured_media":15950,"comment_status":"closed","ping_status":"closed","template":"","meta":[],"product_cat":[797,770,802],"product_tag":[],"aioseo_notices":[],"_links":{"self":[{"href":"https:\/\/romadoll.com\/ro\/wp-json\/wp\/v2\/product\/21057"}],"collection":[{"href":"https:\/\/romadoll.com\/ro\/wp-json\/wp\/v2\/product"}],"about":[{"href":"https:\/\/romadoll.com\/ro\/wp-json\/wp\/v2\/types\/product"}],"replies":[{"embeddable":true,"href":"https:\/\/romadoll.com\/ro\/wp-json\/wp\/v2\/comments?post=21057"}],"version-history":[{"count":2,"href":"https:\/\/romadoll.com\/ro\/wp-json\/wp\/v2\/product\/21057\/revisions"}],"predecessor-version":[{"id":21723,"href":"https:\/\/romadoll.com\/ro\/wp-json\/wp\/v2\/product\/21057\/revisions\/21723"}],"wp:featuredmedia":[{"embeddable":true,"href":"https:\/\/romadoll.com\/ro\/wp-json\/wp\/v2\/media\/15950"}],"wp:attachment":[{"href":"https:\/\/romadoll.com\/ro\/wp-json\/wp\/v2\/media?parent=21057"}],"wp:term":[{"taxonomy":"product_cat","embeddable":true,"href":"https:\/\/romadoll.com\/ro\/wp-json\/wp\/v2\/product_cat?post=21057"},{"taxonomy":"product_tag","embeddable":true,"href":"https:\/\/romadoll.com\/ro\/wp-json\/wp\/v2\/product_tag?post=21057"}],"curies":[{"name":"wp","href":"https:\/\/api.w.org\/{rel}","templated":true}]}}