{"id":21005,"date":"2024-04-22T12:32:00","date_gmt":"2024-04-22T12:32:00","guid":{"rendered":"https:\/\/aimdoll.com\/product\/flat-chested-wm-163-cm-h-cup-sex-doll\/"},"modified":"2024-05-06T06:06:09","modified_gmt":"2024-05-06T06:06:09","slug":"flat-chested-wm-163-cm-h-cup-sex-doll","status":"publish","type":"product","link":"https:\/\/romadoll.com\/ro\/product\/papusa-cu-piept-plat-wm-163-cm-h-cupa-sex\/","title":{"rendered":"P\u0103pu\u0219\u0103 cu piept plat Lm 163 cm H Cup\u0103 Sex"},"content":{"rendered":"<p>\u00ce\u021bi po\u021bi personaliza cea mai bun\u0103 p\u0103pu\u0219\u0103 sexual\u0103 t\u00e2n\u0103r\u0103 pentru a ar\u0103ta ca mini-p\u0103pu\u0219a Lego filmul 2, r\u0103uf\u0103c\u0103tor sau orice alt personaj. Nud adev\u0103rata p\u0103pu\u0219\u0103 sexual\u0103 Loli \u00ee\u021bi treze\u0219te sim\u021burile sexuale oferindu-\u021bi o erec\u021bie. Produc\u0103torii de p\u0103pu\u0219i sexuale au proiectat corpul p\u0103pu\u0219ii sexuale reale Loli pentru a avea modele \u0219i un ton de culoare carne. C\u00e2nd draci cu o p\u0103pu\u0219\u0103 sexual\u0103 de 65 cm, po\u021bi \u00eencerca toate fanteziile perverse.<\/p>\n<p>&nbsp;<\/p>\n<p>Pentru muia cu p\u0103pu\u0219a sexual\u0103 cu poneiul meu, po\u021bi s\u0103-\u021bi \u00eempingi pula \u0219i s\u0103 experimentezi senza\u021bii. \u00cen porno cu p\u0103pu\u0219\u0103 sexual\u0103 wm 163 cm h cupa, o \u00eent\u00e2lne\u0219ti pe Susan cu silicon de p\u0103pu\u0219\u0103 sexual\u0103 de 100 cm, futut\u0103 \u00een orice pozi\u021bie.<\/p>\n<p>&nbsp;<\/p>\n<p>P\u0103pu\u0219a sexual\u0103 pentru copii din China vine direct din fabricile de p\u0103pu\u0219i sexuale de 65 cm. P\u0103pu\u0219a de dragoste cu pieptul plat pentru b\u0103rbat scoate la iveal\u0103 dorin\u021be sexuale ascunse care vor fi satisf\u0103cute. S-ar putea s\u0103 nu \u0219tii niciodat\u0103 cum \u00ee\u021bi place pl\u0103cerea sexual\u0103 p\u00e2n\u0103 c\u00e2nd nu \u00ee\u021bi iei o p\u0103pu\u0219\u0103 de dragoste cu pieptul plat.<\/p>\n<p>&nbsp;<\/p>\n\t\t<div data-elementor-type=\"section\" data-elementor-id=\"15956\" class=\"elementor elementor-15956\" data-elementor-post-type=\"elementor_library\">\n\t\t\t<div class=\"wd-negative-gap elementor-element elementor-element-e744d45 e-flex e-con-boxed e-con e-parent\" data-id=\"e744d45\" data-element_type=\"container\">\n\t\t\t\t\t<div class=\"e-con-inner\">\n\t\t<div class=\"wd-negative-gap elementor-element elementor-element-2abc4734 e-flex e-con-boxed e-con e-child\" data-id=\"2abc4734\" data-element_type=\"container\">\n\t\t\t\t\t<div class=\"e-con-inner\">\n\t\t<div class=\"wd-negative-gap elementor-element elementor-element-e4e90d0 e-flex e-con-boxed e-con e-child\" data-id=\"e4e90d0\" data-element_type=\"container\">\n\t\t\t\t\t<div class=\"e-con-inner\">\n\t\t\t\t<div class=\"elementor-element elementor-element-2191b1a4 elementor-cta--skin-cover elementor-animated-content elementor-bg-transform elementor-bg-transform-zoom-in elementor-widget elementor-widget-call-to-action\" data-id=\"2191b1a4\" data-element_type=\"widget\" data-widget_type=\"call-to-action.default\">\n\t\t\t\t<div class=\"elementor-widget-container\">\n\t\t\t\t\t<a class=\"elementor-cta\" href=\"https:\/\/romadoll.com\/ro\/poze-cu-papusi-sexuale\/\">\n\t\t\t\t\t<div class=\"elementor-cta__bg-wrapper\">\n\t\t\t\t<div class=\"elementor-cta__bg elementor-bg\" style=\"background-image: url(https:\/\/romadoll.com\/wp-content\/uploads\/2024\/04\/redirect.jpg);\" role=\"img\" aria-label=\"redirec\u0163iona\"><\/div>\n\t\t\t\t<div class=\"elementor-cta__bg-overlay\"><\/div>\n\t\t\t<\/div>\n\t\t\t\t\t\t\t<div class=\"elementor-cta__content\">\n\t\t\t\t\n\t\t\t\t\t\t\t\t\t<h2 class=\"elementor-cta__title elementor-cta__content-item elementor-content-item elementor-animated-item--grow\">\n\t\t\t\t\t\tPeste 2500 de mini-p\u0103pu\u0219i sexuale mici <\/br>sexdollxxx .com\t\t\t\t\t<\/h2>\n\t\t\t\t\n\t\t\t\t\t\t\t\t\t<div class=\"elementor-cta__description elementor-cta__content-item elementor-content-item elementor-animated-item--grow\">\n\t\t\t\t\t\t40 cm, 60 cm, 80 cm, 100 cm, 120 cm, 140 cm\t\t\t\t\t<\/div>\n\t\t\t\t\n\t\t\t\t\t\t\t\t\t<div class=\"elementor-cta__button-wrapper elementor-cta__content-item elementor-content-item elementor-animated-item--grow\">\n\t\t\t\t\t<span class=\"elementor-cta__button elementor-button elementor-size-md\">\n\t\t\t\t\t\tCump\u0103r\u0103 acum\t\t\t\t\t<\/span>\n\t\t\t\t\t<\/div>\n\t\t\t\t\t\t\t<\/div>\n\t\t\t\t\t\t<\/a>\n\t\t\t\t<\/div>\n\t\t\t\t<\/div>\n\t\t\t\t\t<\/div>\n\t\t\t\t<\/div>\n\t\t\t\t\t<\/div>\n\t\t\t\t<\/div>\n\t\t\t\t\t<\/div>\n\t\t\t\t<\/div>\n\t\t\t\t<\/div>","protected":false},"excerpt":{"rendered":"<div data-elementor-type=\"section\" data-elementor-id=\"15952\" class=\"elementor elementor-15952\" data-elementor-post-type=\"elementor_library\">\n<div class=\"wd-negative-gap elementor-element elementor-element-49f97e26 e-flex e-con-boxed e-con e-parent\" data-id=\"49f97e26\" data-element_type=\"container\">\n<div class=\"e-con-inner\">\n<div class=\"wd-negative-gap elementor-element elementor-element-449b9556 e-flex e-con-boxed e-con e-child\" data-id=\"449b9556\" data-element_type=\"container\">\n<div class=\"e-con-inner\">\n<div class=\"elementor-element elementor-element-613a7c10 elementor-cta--skin-cover elementor-animated-content elementor-bg-transform elementor-bg-transform-zoom-in elementor-widget elementor-widget-call-to-action\" data-id=\"613a7c10\" data-element_type=\"widget\" data-widget_type=\"call-to-action.default\">\n<div class=\"elementor-widget-container\">\n\t\t\t<link rel=\"stylesheet\" href=\"https:\/\/romadoll.com\/wp-content\/uploads\/elementor\/css\/custom-pro-widget-call-to-action.min.css?ver=1716301540\">\t\t<a class=\"elementor-cta\" href=\"https:\/\/romadoll.com\/ro\/poze-cu-papusi-sexuale\/\"><\/p>\n<div class=\"elementor-cta__bg-wrapper\">\n<div class=\"elementor-cta__bg elementor-bg\" style=\"background-image: url(https:\/\/romadoll.com\/wp-content\/uploads\/2024\/04\/redirect-1.jpg);\" role=\"img\" aria-label=\"redirect.jpg\"><\/div>\n<div class=\"elementor-cta__bg-overlay\"><\/div>\n<\/p><\/div>\n<div class=\"elementor-cta__content\">\n<h2 class=\"elementor-cta__title elementor-cta__content-item elementor-content-item elementor-animated-item--grow\">\n\t\t\t\t\t\tPeste 2500 de mini-p\u0103pu\u0219i sexuale mici <\/br>sexdollxxx .com\t\t\t\t\t<\/h2>\n<div class=\"elementor-cta__description elementor-cta__content-item elementor-content-item elementor-animated-item--grow\">\n\t\t\t\t\t\t40 cm, 60 cm, 80 cm, 100 cm, 120 cm, 140 cm\t\t\t\t\t<\/div>\n<div class=\"elementor-cta__button-wrapper elementor-cta__content-item elementor-content-item elementor-animated-item--grow\">\n\t\t\t\t\t<span class=\"elementor-cta__button elementor-button elementor-size-md\"><br \/>\n\t\t\t\t\t\tCump\u0103r\u0103 acum\t\t\t\t\t<\/span>\n\t\t\t\t\t<\/div>\n<\/p><\/div>\n<p>\t\t\t\t\t\t<\/a>\n\t\t\t\t<\/div>\n<\/p><\/div>\n<\/p><\/div>\n<\/p><\/div>\n<\/p><\/div>\n<\/p><\/div>\n<\/p><\/div>","protected":false},"featured_media":15950,"comment_status":"closed","ping_status":"closed","template":"","meta":[],"product_cat":[792,786,787],"product_tag":[],"aioseo_notices":[],"_links":{"self":[{"href":"https:\/\/romadoll.com\/ro\/wp-json\/wp\/v2\/product\/21005"}],"collection":[{"href":"https:\/\/romadoll.com\/ro\/wp-json\/wp\/v2\/product"}],"about":[{"href":"https:\/\/romadoll.com\/ro\/wp-json\/wp\/v2\/types\/product"}],"replies":[{"embeddable":true,"href":"https:\/\/romadoll.com\/ro\/wp-json\/wp\/v2\/comments?post=21005"}],"version-history":[{"count":2,"href":"https:\/\/romadoll.com\/ro\/wp-json\/wp\/v2\/product\/21005\/revisions"}],"predecessor-version":[{"id":21632,"href":"https:\/\/romadoll.com\/ro\/wp-json\/wp\/v2\/product\/21005\/revisions\/21632"}],"wp:featuredmedia":[{"embeddable":true,"href":"https:\/\/romadoll.com\/ro\/wp-json\/wp\/v2\/media\/15950"}],"wp:attachment":[{"href":"https:\/\/romadoll.com\/ro\/wp-json\/wp\/v2\/media?parent=21005"}],"wp:term":[{"taxonomy":"product_cat","embeddable":true,"href":"https:\/\/romadoll.com\/ro\/wp-json\/wp\/v2\/product_cat?post=21005"},{"taxonomy":"product_tag","embeddable":true,"href":"https:\/\/romadoll.com\/ro\/wp-json\/wp\/v2\/product_tag?post=21005"}],"curies":[{"name":"wp","href":"https:\/\/api.w.org\/{rel}","templated":true}]}}