{"id":20947,"date":"2024-04-22T12:31:56","date_gmt":"2024-04-22T12:31:56","guid":{"rendered":"https:\/\/aimdoll.com\/product\/realistic-teen-boy-having-sex-with-sex-doll-porn\/"},"modified":"2024-05-06T07:48:11","modified_gmt":"2024-05-06T07:48:11","slug":"realistic-teen-boy-having-sex-with-sex-doll-porn","status":"publish","type":"product","link":"https:\/\/romadoll.com\/ro\/product\/adolescent-realist-care-face-sex-cu-papusi-sexuale-porno\/","title":{"rendered":"B\u0103iat adolescent realist care face sex cu p\u0103pu\u0219i sexuale porno"},"content":{"rendered":"<p>Un masturbator realist pentru p\u0103pu\u0219i sexuale minuscule \u00ee\u021bi ofer\u0103 orgasme atunci c\u00e2nd nu po\u021bi ob\u021bine o sesiune complet\u0103 de sex. \u00cen dracu unei p\u0103pu\u0219i sexuale t\u00e2n\u0103r\u0103, trebuie s\u0103-i savurezi s\u00e2nii \u0219i s\u0103-i gusti clitorisul. Adolescentul Mia care casting sexul pe canapea este fierbinte \u0219i vaporos, deoarece libidoul t\u0103u de\u021bine controlul.<\/p>\n<p>&nbsp;<\/p>\n<p>Filmul porno incredibil de realist cu p\u0103pu\u0219i sexuale pentru copii \u00eel arat\u0103 pe adolescent f\u0103c\u00e2nd sex cu p\u0103pu\u0219a srx. P\u0103pu\u0219a de dragoste Riley este capabil\u0103 s\u0103 fac\u0103 un b\u0103rbat s\u0103 se vireze \u00een c\u00e2teva secunde, \u00een timp ce ia toat\u0103 lungimea penisului. Discu\u021biile despre p\u0103pu\u0219ile sexuale nu sunt cu adev\u0103rat importante, mergi direct \u00een sex cu o p\u0103pu\u0219\u0103 mic\u0103, ar\u0103t\u00e2ndu-i trucurile tale sexuale.<\/p>\n<p>&nbsp;<\/p>\n<p>Micu\u021ba p\u0103pu\u0219\u0103 de dragoste nud teaser te \u021bine g\u00e2f\u00e2ind \u00een nevoie. P\u0103pu\u0219a sexual\u0103 Riley de 100 cm de la v\u00e2nz\u0103torul de p\u0103pu\u0219i sexuale pentru copii este garantat\u0103 s\u0103 v\u0103 \u021bin\u0103 libidoul sexual sub control. Cu p\u0103pu\u0219a sexual\u0103 Riley de 100 cm, \u00ee\u021bi dore\u0219ti mereu mai mult din p\u0103s\u0103rica ei str\u00e2mt\u0103, cu aspect excitant.<\/p>\n<p>&nbsp;<\/p>\n<p>&nbsp;<\/p>\n\t\t<div data-elementor-type=\"section\" data-elementor-id=\"15956\" class=\"elementor elementor-15956\" data-elementor-post-type=\"elementor_library\">\n\t\t\t<div class=\"wd-negative-gap elementor-element elementor-element-e744d45 e-flex e-con-boxed e-con e-parent\" data-id=\"e744d45\" data-element_type=\"container\">\n\t\t\t\t\t<div class=\"e-con-inner\">\n\t\t<div class=\"wd-negative-gap elementor-element elementor-element-2abc4734 e-flex e-con-boxed e-con e-child\" data-id=\"2abc4734\" data-element_type=\"container\">\n\t\t\t\t\t<div class=\"e-con-inner\">\n\t\t<div class=\"wd-negative-gap elementor-element elementor-element-e4e90d0 e-flex e-con-boxed e-con e-child\" data-id=\"e4e90d0\" data-element_type=\"container\">\n\t\t\t\t\t<div class=\"e-con-inner\">\n\t\t\t\t<div class=\"elementor-element elementor-element-2191b1a4 elementor-cta--skin-cover elementor-animated-content elementor-bg-transform elementor-bg-transform-zoom-in elementor-widget elementor-widget-call-to-action\" data-id=\"2191b1a4\" data-element_type=\"widget\" data-widget_type=\"call-to-action.default\">\n\t\t\t\t<div class=\"elementor-widget-container\">\n\t\t\t\t\t<a class=\"elementor-cta\" href=\"https:\/\/romadoll.com\/ro\/poze-cu-papusi-sexuale\/\">\n\t\t\t\t\t<div class=\"elementor-cta__bg-wrapper\">\n\t\t\t\t<div class=\"elementor-cta__bg elementor-bg\" style=\"background-image: url(https:\/\/romadoll.com\/wp-content\/uploads\/2024\/04\/redirect.jpg);\" role=\"img\" aria-label=\"redirec\u0163iona\"><\/div>\n\t\t\t\t<div class=\"elementor-cta__bg-overlay\"><\/div>\n\t\t\t<\/div>\n\t\t\t\t\t\t\t<div class=\"elementor-cta__content\">\n\t\t\t\t\n\t\t\t\t\t\t\t\t\t<h2 class=\"elementor-cta__title elementor-cta__content-item elementor-content-item elementor-animated-item--grow\">\n\t\t\t\t\t\tPeste 2500 de mini-p\u0103pu\u0219i sexuale mici <\/br>sexdollxxx .com\t\t\t\t\t<\/h2>\n\t\t\t\t\n\t\t\t\t\t\t\t\t\t<div class=\"elementor-cta__description elementor-cta__content-item elementor-content-item elementor-animated-item--grow\">\n\t\t\t\t\t\t40 cm, 60 cm, 80 cm, 100 cm, 120 cm, 140 cm\t\t\t\t\t<\/div>\n\t\t\t\t\n\t\t\t\t\t\t\t\t\t<div class=\"elementor-cta__button-wrapper elementor-cta__content-item elementor-content-item elementor-animated-item--grow\">\n\t\t\t\t\t<span class=\"elementor-cta__button elementor-button elementor-size-md\">\n\t\t\t\t\t\tCump\u0103r\u0103 acum\t\t\t\t\t<\/span>\n\t\t\t\t\t<\/div>\n\t\t\t\t\t\t\t<\/div>\n\t\t\t\t\t\t<\/a>\n\t\t\t\t<\/div>\n\t\t\t\t<\/div>\n\t\t\t\t\t<\/div>\n\t\t\t\t<\/div>\n\t\t\t\t\t<\/div>\n\t\t\t\t<\/div>\n\t\t\t\t\t<\/div>\n\t\t\t\t<\/div>\n\t\t\t\t<\/div>","protected":false},"excerpt":{"rendered":"<div data-elementor-type=\"section\" data-elementor-id=\"15952\" class=\"elementor elementor-15952\" data-elementor-post-type=\"elementor_library\">\n<div class=\"wd-negative-gap elementor-element elementor-element-49f97e26 e-flex e-con-boxed e-con e-parent\" data-id=\"49f97e26\" data-element_type=\"container\">\n<div class=\"e-con-inner\">\n<div class=\"wd-negative-gap elementor-element elementor-element-449b9556 e-flex e-con-boxed e-con e-child\" data-id=\"449b9556\" data-element_type=\"container\">\n<div class=\"e-con-inner\">\n<div class=\"elementor-element elementor-element-613a7c10 elementor-cta--skin-cover elementor-animated-content elementor-bg-transform elementor-bg-transform-zoom-in elementor-widget elementor-widget-call-to-action\" data-id=\"613a7c10\" data-element_type=\"widget\" data-widget_type=\"call-to-action.default\">\n<div class=\"elementor-widget-container\">\n\t\t\t<link rel=\"stylesheet\" href=\"https:\/\/romadoll.com\/wp-content\/uploads\/elementor\/css\/custom-pro-widget-call-to-action.min.css?ver=1716301540\">\t\t<a class=\"elementor-cta\" href=\"https:\/\/romadoll.com\/ro\/poze-cu-papusi-sexuale\/\"><\/p>\n<div class=\"elementor-cta__bg-wrapper\">\n<div class=\"elementor-cta__bg elementor-bg\" style=\"background-image: url(https:\/\/romadoll.com\/wp-content\/uploads\/2024\/04\/redirect-1.jpg);\" role=\"img\" aria-label=\"redirect.jpg\"><\/div>\n<div class=\"elementor-cta__bg-overlay\"><\/div>\n<\/p><\/div>\n<div class=\"elementor-cta__content\">\n<h2 class=\"elementor-cta__title elementor-cta__content-item elementor-content-item elementor-animated-item--grow\">\n\t\t\t\t\t\tPeste 2500 de mini-p\u0103pu\u0219i sexuale mici <\/br>sexdollxxx .com\t\t\t\t\t<\/h2>\n<div class=\"elementor-cta__description elementor-cta__content-item elementor-content-item elementor-animated-item--grow\">\n\t\t\t\t\t\t40 cm, 60 cm, 80 cm, 100 cm, 120 cm, 140 cm\t\t\t\t\t<\/div>\n<div class=\"elementor-cta__button-wrapper elementor-cta__content-item elementor-content-item elementor-animated-item--grow\">\n\t\t\t\t\t<span class=\"elementor-cta__button elementor-button elementor-size-md\"><br \/>\n\t\t\t\t\t\tCump\u0103r\u0103 acum\t\t\t\t\t<\/span>\n\t\t\t\t\t<\/div>\n<\/p><\/div>\n<p>\t\t\t\t\t\t<\/a>\n\t\t\t\t<\/div>\n<\/p><\/div>\n<\/p><\/div>\n<\/p><\/div>\n<\/p><\/div>\n<\/p><\/div>\n<\/p><\/div>","protected":false},"featured_media":15950,"comment_status":"closed","ping_status":"closed","template":"","meta":[],"product_cat":[800,793,778],"product_tag":[],"aioseo_notices":[],"_links":{"self":[{"href":"https:\/\/romadoll.com\/ro\/wp-json\/wp\/v2\/product\/20947"}],"collection":[{"href":"https:\/\/romadoll.com\/ro\/wp-json\/wp\/v2\/product"}],"about":[{"href":"https:\/\/romadoll.com\/ro\/wp-json\/wp\/v2\/types\/product"}],"replies":[{"embeddable":true,"href":"https:\/\/romadoll.com\/ro\/wp-json\/wp\/v2\/comments?post=20947"}],"version-history":[{"count":1,"href":"https:\/\/romadoll.com\/ro\/wp-json\/wp\/v2\/product\/20947\/revisions"}],"predecessor-version":[{"id":20948,"href":"https:\/\/romadoll.com\/ro\/wp-json\/wp\/v2\/product\/20947\/revisions\/20948"}],"wp:featuredmedia":[{"embeddable":true,"href":"https:\/\/romadoll.com\/ro\/wp-json\/wp\/v2\/media\/15950"}],"wp:attachment":[{"href":"https:\/\/romadoll.com\/ro\/wp-json\/wp\/v2\/media?parent=20947"}],"wp:term":[{"taxonomy":"product_cat","embeddable":true,"href":"https:\/\/romadoll.com\/ro\/wp-json\/wp\/v2\/product_cat?post=20947"},{"taxonomy":"product_tag","embeddable":true,"href":"https:\/\/romadoll.com\/ro\/wp-json\/wp\/v2\/product_tag?post=20947"}],"curies":[{"name":"wp","href":"https:\/\/api.w.org\/{rel}","templated":true}]}}