{"id":20263,"date":"2024-04-22T12:30:47","date_gmt":"2024-04-22T12:30:47","guid":{"rendered":"https:\/\/aimdoll.com\/product\/nude-canada-childlike-japanese-miniblow-uup-teen-real-miniature-dol\/"},"modified":"2024-05-15T07:45:10","modified_gmt":"2024-05-15T07:45:10","slug":"nude-canada-childlike-japanese-miniblow-uup-teen-real-miniature-dol","status":"publish","type":"product","link":"https:\/\/romadoll.com\/ro\/product\/nud-canada-copilaresc-japonez-miniblow-uup-adolescent-adevarat-miniatura-dol\/","title":{"rendered":"Nud canada copil\u0103resc japonez miniblow uup adolescent adev\u0103rat miniatura dol"},"content":{"rendered":"<p>Aceasta este o p\u0103pu\u0219\u0103 sexual\u0103 realist\u0103 cu piept plat, creat\u0103 pentru a v\u0103 oferi cea mai bun\u0103 stimulare sexual\u0103. Prin urmare, odat\u0103 ce cump\u0103ra\u021bi mini p\u0103pu\u0219i sexuale Canada. Po\u021bi s\u0103-\u021bi iei r\u0103mas bun de la nop\u021bile singuratice de frustrare sexual\u0103. De asemenea, pute\u021bi ob\u021bine aceast\u0103 p\u0103pu\u0219\u0103 sexual\u0103 real\u0103 de 145 cm ieftin\u0103. Prin urmare, de fiecare dat\u0103 c\u00e2nd nenorocita de p\u0103pu\u0219i sexuale se simte at\u00e2t de bine.<\/p>\n<p>\u00cen plus, aceast\u0103 mic\u0103 p\u0103pu\u0219\u0103 sexual\u0103 pokemon a fost realizat\u0103 din materiale siliconice de calitate superioar\u0103. Aceasta \u00eenseamn\u0103 c\u0103 aceast\u0103 p\u0103pu\u0219\u0103 sexual\u0103 \u00een miniatur\u0103 penetrabil\u0103 este o p\u0103pu\u0219\u0103 sexual\u0103 mic\u0103 de \u00eenalt\u0103 calitate. Astfel, te po\u021bi bucura de lini\u0219tirea unei p\u0103pu\u0219i sexuale japonez\u0103 de \u00eenalt\u0103 calitate, t\u00e2n\u0103r\u0103 f\u0103r\u0103 s\u00e2ni.<\/p>\n<p>\u00cen plus, aceast\u0103 mini-p\u0103pu\u0219\u0103 sexual\u0103 a fost conceput\u0103 pentru a rezista. Prin urmare, v\u0103 pute\u021bi bucura de o utilizare pe termen lung, savur\u00e2nd fiecare moment de dracu cu p\u0103pu\u0219ile adolescen\u021bilor. Aceasta \u00eenseamn\u0103 c\u0103 satisfac\u021bia ta sexual\u0103 complet\u0103 este la doar c\u00e2teva clicuri distan\u021b\u0103.<\/p>\n<p>&nbsp;<\/p>\n\t\t<div data-elementor-type=\"section\" data-elementor-id=\"15956\" class=\"elementor elementor-15956\" data-elementor-post-type=\"elementor_library\">\n\t\t\t<div class=\"wd-negative-gap elementor-element elementor-element-e744d45 e-flex e-con-boxed e-con e-parent\" data-id=\"e744d45\" data-element_type=\"container\">\n\t\t\t\t\t<div class=\"e-con-inner\">\n\t\t<div class=\"wd-negative-gap elementor-element elementor-element-2abc4734 e-flex e-con-boxed e-con e-child\" data-id=\"2abc4734\" data-element_type=\"container\">\n\t\t\t\t\t<div class=\"e-con-inner\">\n\t\t<div class=\"wd-negative-gap elementor-element elementor-element-e4e90d0 e-flex e-con-boxed e-con e-child\" data-id=\"e4e90d0\" data-element_type=\"container\">\n\t\t\t\t\t<div class=\"e-con-inner\">\n\t\t\t\t<div class=\"elementor-element elementor-element-2191b1a4 elementor-cta--skin-cover elementor-animated-content elementor-bg-transform elementor-bg-transform-zoom-in elementor-widget elementor-widget-call-to-action\" data-id=\"2191b1a4\" data-element_type=\"widget\" data-widget_type=\"call-to-action.default\">\n\t\t\t\t<div class=\"elementor-widget-container\">\n\t\t\t\t\t<a class=\"elementor-cta\" href=\"https:\/\/romadoll.com\/ro\/poze-cu-papusi-sexuale\/\">\n\t\t\t\t\t<div class=\"elementor-cta__bg-wrapper\">\n\t\t\t\t<div class=\"elementor-cta__bg elementor-bg\" style=\"background-image: url(https:\/\/romadoll.com\/wp-content\/uploads\/2024\/04\/redirect.jpg);\" role=\"img\" aria-label=\"redirec\u0163iona\"><\/div>\n\t\t\t\t<div class=\"elementor-cta__bg-overlay\"><\/div>\n\t\t\t<\/div>\n\t\t\t\t\t\t\t<div class=\"elementor-cta__content\">\n\t\t\t\t\n\t\t\t\t\t\t\t\t\t<h2 class=\"elementor-cta__title elementor-cta__content-item elementor-content-item elementor-animated-item--grow\">\n\t\t\t\t\t\tPeste 2500 de mini-p\u0103pu\u0219i sexuale mici <\/br>sexdollxxx .com\t\t\t\t\t<\/h2>\n\t\t\t\t\n\t\t\t\t\t\t\t\t\t<div class=\"elementor-cta__description elementor-cta__content-item elementor-content-item elementor-animated-item--grow\">\n\t\t\t\t\t\t40 cm, 60 cm, 80 cm, 100 cm, 120 cm, 140 cm\t\t\t\t\t<\/div>\n\t\t\t\t\n\t\t\t\t\t\t\t\t\t<div class=\"elementor-cta__button-wrapper elementor-cta__content-item elementor-content-item elementor-animated-item--grow\">\n\t\t\t\t\t<span class=\"elementor-cta__button elementor-button elementor-size-md\">\n\t\t\t\t\t\tCump\u0103r\u0103 acum\t\t\t\t\t<\/span>\n\t\t\t\t\t<\/div>\n\t\t\t\t\t\t\t<\/div>\n\t\t\t\t\t\t<\/a>\n\t\t\t\t<\/div>\n\t\t\t\t<\/div>\n\t\t\t\t\t<\/div>\n\t\t\t\t<\/div>\n\t\t\t\t\t<\/div>\n\t\t\t\t<\/div>\n\t\t\t\t\t<\/div>\n\t\t\t\t<\/div>\n\t\t\t\t<\/div>","protected":false},"excerpt":{"rendered":"<div data-elementor-type=\"section\" data-elementor-id=\"15952\" class=\"elementor elementor-15952\" data-elementor-post-type=\"elementor_library\">\n<div class=\"wd-negative-gap elementor-element elementor-element-49f97e26 e-flex e-con-boxed e-con e-parent\" data-id=\"49f97e26\" data-element_type=\"container\">\n<div class=\"e-con-inner\">\n<div class=\"wd-negative-gap elementor-element elementor-element-449b9556 e-flex e-con-boxed e-con e-child\" data-id=\"449b9556\" data-element_type=\"container\">\n<div class=\"e-con-inner\">\n<div class=\"elementor-element elementor-element-613a7c10 elementor-cta--skin-cover elementor-animated-content elementor-bg-transform elementor-bg-transform-zoom-in elementor-widget elementor-widget-call-to-action\" data-id=\"613a7c10\" data-element_type=\"widget\" data-widget_type=\"call-to-action.default\">\n<div class=\"elementor-widget-container\">\n\t\t\t<link rel=\"stylesheet\" href=\"https:\/\/romadoll.com\/wp-content\/uploads\/elementor\/css\/custom-pro-widget-call-to-action.min.css?ver=1716301540\">\t\t<a class=\"elementor-cta\" href=\"https:\/\/romadoll.com\/ro\/poze-cu-papusi-sexuale\/\"><\/p>\n<div class=\"elementor-cta__bg-wrapper\">\n<div class=\"elementor-cta__bg elementor-bg\" style=\"background-image: url(https:\/\/romadoll.com\/wp-content\/uploads\/2024\/04\/redirect-1.jpg);\" role=\"img\" aria-label=\"redirect.jpg\"><\/div>\n<div class=\"elementor-cta__bg-overlay\"><\/div>\n<\/p><\/div>\n<div class=\"elementor-cta__content\">\n<h2 class=\"elementor-cta__title elementor-cta__content-item elementor-content-item elementor-animated-item--grow\">\n\t\t\t\t\t\tPeste 2500 de mini-p\u0103pu\u0219i sexuale mici <\/br>sexdollxxx .com\t\t\t\t\t<\/h2>\n<div class=\"elementor-cta__description elementor-cta__content-item elementor-content-item elementor-animated-item--grow\">\n\t\t\t\t\t\t40 cm, 60 cm, 80 cm, 100 cm, 120 cm, 140 cm\t\t\t\t\t<\/div>\n<div class=\"elementor-cta__button-wrapper elementor-cta__content-item elementor-content-item elementor-animated-item--grow\">\n\t\t\t\t\t<span class=\"elementor-cta__button elementor-button elementor-size-md\"><br \/>\n\t\t\t\t\t\tCump\u0103r\u0103 acum\t\t\t\t\t<\/span>\n\t\t\t\t\t<\/div>\n<\/p><\/div>\n<p>\t\t\t\t\t\t<\/a>\n\t\t\t\t<\/div>\n<\/p><\/div>\n<\/p><\/div>\n<\/p><\/div>\n<\/p><\/div>\n<\/p><\/div>\n<\/p><\/div>","protected":false},"featured_media":15950,"comment_status":"closed","ping_status":"closed","template":"","meta":[],"product_cat":[795,807,775],"product_tag":[],"aioseo_notices":[],"_links":{"self":[{"href":"https:\/\/romadoll.com\/ro\/wp-json\/wp\/v2\/product\/20263"}],"collection":[{"href":"https:\/\/romadoll.com\/ro\/wp-json\/wp\/v2\/product"}],"about":[{"href":"https:\/\/romadoll.com\/ro\/wp-json\/wp\/v2\/types\/product"}],"replies":[{"embeddable":true,"href":"https:\/\/romadoll.com\/ro\/wp-json\/wp\/v2\/comments?post=20263"}],"version-history":[{"count":1,"href":"https:\/\/romadoll.com\/ro\/wp-json\/wp\/v2\/product\/20263\/revisions"}],"predecessor-version":[{"id":20264,"href":"https:\/\/romadoll.com\/ro\/wp-json\/wp\/v2\/product\/20263\/revisions\/20264"}],"wp:featuredmedia":[{"embeddable":true,"href":"https:\/\/romadoll.com\/ro\/wp-json\/wp\/v2\/media\/15950"}],"wp:attachment":[{"href":"https:\/\/romadoll.com\/ro\/wp-json\/wp\/v2\/media?parent=20263"}],"wp:term":[{"taxonomy":"product_cat","embeddable":true,"href":"https:\/\/romadoll.com\/ro\/wp-json\/wp\/v2\/product_cat?post=20263"},{"taxonomy":"product_tag","embeddable":true,"href":"https:\/\/romadoll.com\/ro\/wp-json\/wp\/v2\/product_tag?post=20263"}],"curies":[{"name":"wp","href":"https:\/\/api.w.org\/{rel}","templated":true}]}}