{"id":20203,"date":"2024-04-22T12:30:40","date_gmt":"2024-04-22T12:30:40","guid":{"rendered":"https:\/\/aimdoll.com\/product\/realistic-factory-humps-mini-flat-factory-realistic-doll\/"},"modified":"2024-05-17T05:51:35","modified_gmt":"2024-05-17T05:51:35","slug":"realistic-factory-humps-mini-flat-factory-realistic-doll","status":"publish","type":"product","link":"https:\/\/romadoll.com\/ro\/product\/cocoase-de-fabrica-realiste-mini-papusa-plata-realista-de-fabrica\/","title":{"rendered":"Mini p\u0103pu\u0219\u0103 realist\u0103 realist\u0103 din fabric\u0103"},"content":{"rendered":"<p>Aceasta este o p\u0103pu\u0219\u0103 real\u0103 video cu o p\u0103pu\u0219\u0103 de sex plat urm\u0103rit\u0103 de calitate excelent\u0103, cu cea mai bun\u0103 calitate. Datorit\u0103 unei combina\u021bii de materiale siliconice de calitate superioar\u0103 \u0219i titan u\u0219or. Aceast\u0103 p\u0103pu\u0219\u0103 sexual\u0103 Jay de 100 cm are un design precis din punct de vedere anatomic. Complet cu membre \u0219i articula\u021bii mobile. Prin urmare, aceast\u0103 p\u0103pu\u0219\u0103 sexual\u0103 de silicon cu 150 de adolescen\u021bi este perfect\u0103 pentru videoclipurile cu p\u0103pu\u0219i sexuale pentru adolescen\u021bi. \u00cen plus, aceast\u0103 mini p\u0103pu\u0219\u0103 sexual\u0103 real\u0103 de 40 cm p\u0103pu\u0219\u0103 real\u0103 din China ofer\u0103 un aspect \u0219i o senza\u021bie realiste. Prin urmare, v\u0103 pute\u021bi explora cele mai s\u0103lbatice fantezii sexuale. De la mama cocoa\u0219e b\u0103ie\u021bel p\u0103pu\u0219\u0103 sex tabu. La \u00eencerc\u0103ri sexuale mai aventuroase. Acest sex de p\u0103pu\u0219\u0103 cu piept plat este un partener sexual excelent pentru a face totul s\u0103 se \u00eent\u00e2mple.<\/p>\n<p>\u00cen plus, aceast\u0103 p\u0103pu\u0219\u0103 sexual\u0103 de 148 cm a fost construit\u0103 pentru a rezista. Datorit\u0103 structurii bine construite, folosind materiale de \u00eenalt\u0103 calitate pentru p\u0103pu\u0219i sexuale de 80 cm. Prin urmare, aceast\u0103 p\u0103pu\u0219\u0103 adev\u0103rat\u0103 superb\u0103 pentru adul\u021bi v\u0103 ofer\u0103 o stimulare sexual\u0103 intens\u0103 \u00een mai multe moduri.<\/p>\n<p>Scrisul dvs.: Aceasta este o p\u0103pu\u0219\u0103 real\u0103 video cu o p\u0103pu\u0219\u0103 sexual\u0103 urm\u0103rit\u0103 cu cea mai bun\u0103 calitate, cu cea mai bun\u0103 calitate. Mul\u021bumit\u0103 unei combina\u021bii de \u00eenalt\u0103 calitate<br \/>\nmateriale siliconice \u0219i titan u\u0219or. Aceast\u0103 p\u0103pu\u0219\u0103 sexual\u0103 Jay de 100 cm are un design precis din punct de vedere anatomic. Complet cu mobil<br \/>\nmembrelor \u0219i articula\u021biilor. Prin urmare, aceast\u0103 p\u0103pu\u0219\u0103 sexual\u0103 de silicon cu 150 de adolescen\u021bi este perfect\u0103 pentru videoclipurile cu p\u0103pu\u0219i sexuale pentru adolescen\u021bi. \u00cen plus, aceast\u0103 mini p\u0103pu\u0219\u0103 sexual\u0103 real\u0103 de 40 cm<br \/>\nP\u0103pu\u0219a real\u0103 din China din fabric\u0103 ofer\u0103 un aspect \u0219i o senza\u021bie realiste. Prin urmare, v\u0103 pute\u021bi explora cele mai s\u0103lbatice fantezii sexuale. De la mama cocoa\u0219e b\u0103ie\u021bel<br \/>\nsex tabu p\u0103pu\u0219i. La \u00eencerc\u0103ri sexuale mai aventuroase. Acest sex cu piept plat de p\u0103pu\u0219\u0103 este un partener sexual excelent pentru a face totul s\u0103 se \u00eent\u00e2mple.<\/p>\n<p>\u00cen plus, aceast\u0103 p\u0103pu\u0219\u0103 sexual\u0103 de 148 cm a fost construit\u0103 pentru a rezista. Datorit\u0103 structurii bine construite folosind sex de 80 cm de \u00eenalt\u0103 calitate<br \/>\nmateriale pentru p\u0103pu\u0219i. Prin urmare, aceast\u0103 p\u0103pu\u0219\u0103 adev\u0103rat\u0103 superb\u0103 pentru adul\u021bi v\u0103 ofer\u0103 o stimulare sexual\u0103 intens\u0103 \u00een mai multe moduri.<\/p>\n<p>&nbsp;<\/p>\n\t\t<div data-elementor-type=\"section\" data-elementor-id=\"15956\" class=\"elementor elementor-15956\" data-elementor-post-type=\"elementor_library\">\n\t\t\t<div class=\"wd-negative-gap elementor-element elementor-element-e744d45 e-flex e-con-boxed e-con e-parent\" data-id=\"e744d45\" data-element_type=\"container\">\n\t\t\t\t\t<div class=\"e-con-inner\">\n\t\t<div class=\"wd-negative-gap elementor-element elementor-element-2abc4734 e-flex e-con-boxed e-con e-child\" data-id=\"2abc4734\" data-element_type=\"container\">\n\t\t\t\t\t<div class=\"e-con-inner\">\n\t\t<div class=\"wd-negative-gap elementor-element elementor-element-e4e90d0 e-flex e-con-boxed e-con e-child\" data-id=\"e4e90d0\" data-element_type=\"container\">\n\t\t\t\t\t<div class=\"e-con-inner\">\n\t\t\t\t<div class=\"elementor-element elementor-element-2191b1a4 elementor-cta--skin-cover elementor-animated-content elementor-bg-transform elementor-bg-transform-zoom-in elementor-widget elementor-widget-call-to-action\" data-id=\"2191b1a4\" data-element_type=\"widget\" data-widget_type=\"call-to-action.default\">\n\t\t\t\t<div class=\"elementor-widget-container\">\n\t\t\t\t\t<a class=\"elementor-cta\" href=\"https:\/\/romadoll.com\/ro\/poze-cu-papusi-sexuale\/\">\n\t\t\t\t\t<div class=\"elementor-cta__bg-wrapper\">\n\t\t\t\t<div class=\"elementor-cta__bg elementor-bg\" style=\"background-image: url(https:\/\/romadoll.com\/wp-content\/uploads\/2024\/04\/redirect.jpg);\" role=\"img\" aria-label=\"redirec\u0163iona\"><\/div>\n\t\t\t\t<div class=\"elementor-cta__bg-overlay\"><\/div>\n\t\t\t<\/div>\n\t\t\t\t\t\t\t<div class=\"elementor-cta__content\">\n\t\t\t\t\n\t\t\t\t\t\t\t\t\t<h2 class=\"elementor-cta__title elementor-cta__content-item elementor-content-item elementor-animated-item--grow\">\n\t\t\t\t\t\tPeste 2500 de mini-p\u0103pu\u0219i sexuale mici <\/br>sexdollxxx .com\t\t\t\t\t<\/h2>\n\t\t\t\t\n\t\t\t\t\t\t\t\t\t<div class=\"elementor-cta__description elementor-cta__content-item elementor-content-item elementor-animated-item--grow\">\n\t\t\t\t\t\t40 cm, 60 cm, 80 cm, 100 cm, 120 cm, 140 cm\t\t\t\t\t<\/div>\n\t\t\t\t\n\t\t\t\t\t\t\t\t\t<div class=\"elementor-cta__button-wrapper elementor-cta__content-item elementor-content-item elementor-animated-item--grow\">\n\t\t\t\t\t<span class=\"elementor-cta__button elementor-button elementor-size-md\">\n\t\t\t\t\t\tCump\u0103r\u0103 acum\t\t\t\t\t<\/span>\n\t\t\t\t\t<\/div>\n\t\t\t\t\t\t\t<\/div>\n\t\t\t\t\t\t<\/a>\n\t\t\t\t<\/div>\n\t\t\t\t<\/div>\n\t\t\t\t\t<\/div>\n\t\t\t\t<\/div>\n\t\t\t\t\t<\/div>\n\t\t\t\t<\/div>\n\t\t\t\t\t<\/div>\n\t\t\t\t<\/div>\n\t\t\t\t<\/div>","protected":false},"excerpt":{"rendered":"<div data-elementor-type=\"section\" data-elementor-id=\"15952\" class=\"elementor elementor-15952\" data-elementor-post-type=\"elementor_library\">\n<div class=\"wd-negative-gap elementor-element elementor-element-49f97e26 e-flex e-con-boxed e-con e-parent\" data-id=\"49f97e26\" data-element_type=\"container\">\n<div class=\"e-con-inner\">\n<div class=\"wd-negative-gap elementor-element elementor-element-449b9556 e-flex e-con-boxed e-con e-child\" data-id=\"449b9556\" data-element_type=\"container\">\n<div class=\"e-con-inner\">\n<div class=\"elementor-element elementor-element-613a7c10 elementor-cta--skin-cover elementor-animated-content elementor-bg-transform elementor-bg-transform-zoom-in elementor-widget elementor-widget-call-to-action\" data-id=\"613a7c10\" data-element_type=\"widget\" data-widget_type=\"call-to-action.default\">\n<div class=\"elementor-widget-container\">\n\t\t\t<link rel=\"stylesheet\" href=\"https:\/\/romadoll.com\/wp-content\/uploads\/elementor\/css\/custom-pro-widget-call-to-action.min.css?ver=1716301540\">\t\t<a class=\"elementor-cta\" href=\"https:\/\/romadoll.com\/ro\/poze-cu-papusi-sexuale\/\"><\/p>\n<div class=\"elementor-cta__bg-wrapper\">\n<div class=\"elementor-cta__bg elementor-bg\" style=\"background-image: url(https:\/\/romadoll.com\/wp-content\/uploads\/2024\/04\/redirect-1.jpg);\" role=\"img\" aria-label=\"redirect.jpg\"><\/div>\n<div class=\"elementor-cta__bg-overlay\"><\/div>\n<\/p><\/div>\n<div class=\"elementor-cta__content\">\n<h2 class=\"elementor-cta__title elementor-cta__content-item elementor-content-item elementor-animated-item--grow\">\n\t\t\t\t\t\tPeste 2500 de mini-p\u0103pu\u0219i sexuale mici <\/br>sexdollxxx .com\t\t\t\t\t<\/h2>\n<div class=\"elementor-cta__description elementor-cta__content-item elementor-content-item elementor-animated-item--grow\">\n\t\t\t\t\t\t40 cm, 60 cm, 80 cm, 100 cm, 120 cm, 140 cm\t\t\t\t\t<\/div>\n<div class=\"elementor-cta__button-wrapper elementor-cta__content-item elementor-content-item elementor-animated-item--grow\">\n\t\t\t\t\t<span class=\"elementor-cta__button elementor-button elementor-size-md\"><br \/>\n\t\t\t\t\t\tCump\u0103r\u0103 acum\t\t\t\t\t<\/span>\n\t\t\t\t\t<\/div>\n<\/p><\/div>\n<p>\t\t\t\t\t\t<\/a>\n\t\t\t\t<\/div>\n<\/p><\/div>\n<\/p><\/div>\n<\/p><\/div>\n<\/p><\/div>\n<\/p><\/div>\n<\/p><\/div>","protected":false},"featured_media":15950,"comment_status":"closed","ping_status":"closed","template":"","meta":[],"product_cat":[797,791,771],"product_tag":[],"aioseo_notices":[],"_links":{"self":[{"href":"https:\/\/romadoll.com\/ro\/wp-json\/wp\/v2\/product\/20203"}],"collection":[{"href":"https:\/\/romadoll.com\/ro\/wp-json\/wp\/v2\/product"}],"about":[{"href":"https:\/\/romadoll.com\/ro\/wp-json\/wp\/v2\/types\/product"}],"replies":[{"embeddable":true,"href":"https:\/\/romadoll.com\/ro\/wp-json\/wp\/v2\/comments?post=20203"}],"version-history":[{"count":2,"href":"https:\/\/romadoll.com\/ro\/wp-json\/wp\/v2\/product\/20203\/revisions"}],"predecessor-version":[{"id":21772,"href":"https:\/\/romadoll.com\/ro\/wp-json\/wp\/v2\/product\/20203\/revisions\/21772"}],"wp:featuredmedia":[{"embeddable":true,"href":"https:\/\/romadoll.com\/ro\/wp-json\/wp\/v2\/media\/15950"}],"wp:attachment":[{"href":"https:\/\/romadoll.com\/ro\/wp-json\/wp\/v2\/media?parent=20203"}],"wp:term":[{"taxonomy":"product_cat","embeddable":true,"href":"https:\/\/romadoll.com\/ro\/wp-json\/wp\/v2\/product_cat?post=20203"},{"taxonomy":"product_tag","embeddable":true,"href":"https:\/\/romadoll.com\/ro\/wp-json\/wp\/v2\/product_tag?post=20203"}],"curies":[{"name":"wp","href":"https:\/\/api.w.org\/{rel}","templated":true}]}}