{"id":19915,"date":"2024-04-22T12:30:11","date_gmt":"2024-04-22T12:30:11","guid":{"rendered":"https:\/\/aimdoll.com\/product\/65cm-child-silicone-tits-fucked-pony-mini-young-chest-doll\/"},"modified":"2024-05-09T11:18:49","modified_gmt":"2024-05-09T11:18:49","slug":"65cm-child-silicone-tits-fucked-pony-mini-young-chest-doll","status":"publish","type":"product","link":"https:\/\/romadoll.com\/ro\/product\/65cm-copil-cu-tate-din-silicon-fucked-ponei-mini-papusa-tanara\/","title":{"rendered":"65cm copil cu \u021b\u00e2\u021be din silicon fucked ponei mini p\u0103pu\u0219\u0103 t\u00e2n\u0103r\u0103"},"content":{"rendered":"<p>Aceast\u0103 p\u0103pu\u0219\u0103 de dragoste pentru adolescen\u021bi din silicon de la un furnizor de p\u0103pu\u0219i sexuale de 65 cm prezint\u0103 aspectul \u0219i senza\u021bia unei p\u0103pu\u0219i reale premium. Acest lucru se datoreaz\u0103 faptului c\u0103 aceast\u0103 p\u0103pu\u0219\u0103 realist\u0103 pentru copii obi\u0219nuia s\u0103 prind\u0103 pl\u0103cere intens\u0103. De la p\u0103pu\u0219a sexual\u0103 realist\u0103 de 60 cm cu s\u00e2nii mari. Pentru fundul curbat care se simte ca o carne adev\u0103rat\u0103 vie. Aceast\u0103 p\u0103pu\u0219\u0103 sexual\u0103 de 100 cm p\u0103pu\u0219\u0103 adev\u0103rat\u0103 are tot ce este necesar pentru ca tu s\u0103 te bucuri de o \u00eent\u00e2lnire sexual\u0103 complet stimulant\u0103.<\/p>\n<p>Mai mult dec\u00e2t at\u00e2t, aceast\u0103 p\u0103pu\u0219\u0103 sexual\u0103 a fost construit\u0103 pentru a rezista. Datorit\u0103 materialelor siliconice de \u00eenalt\u0103 calitate. Astfel, f\u0103c\u00e2nd din aceast\u0103 mini p\u0103pu\u0219\u0103 sexual\u0103 neagr\u0103 o p\u0103pu\u0219\u0103 sexual\u0103 t\u00e2n\u0103r\u0103 \u0219i realist\u0103. \u00cen plus, prime\u0219ti \u0219i un piept plat pentru p\u0103pu\u0219i sexuale realist \u0219i bine texturat. Prin urmare, fiecare caracteristic\u0103 \u0219i detaliu al acestei p\u0103pu\u0219i de dragoste din via\u021ba real\u0103 a fost conceput\u0103 pentru a v\u0103 asigura c\u0103 v\u0103 bucura\u021bi de p\u0103pu\u0219ile sexuale cu piept plat. A\u0219adar, po\u021bi s\u0103 a\u0219tep\u021bi cu ner\u0103bdare cea mai bl\u00e2nd\u0103 \u0219i flexibil\u0103 senza\u021bie real\u0103 \u00een timp ce explorezi profunzimile pl\u0103cerii la care ai fanteziat.<\/p>\n<p>&nbsp;<\/p>\n\t\t<div data-elementor-type=\"section\" data-elementor-id=\"15956\" class=\"elementor elementor-15956\" data-elementor-post-type=\"elementor_library\">\n\t\t\t<div class=\"wd-negative-gap elementor-element elementor-element-e744d45 e-flex e-con-boxed e-con e-parent\" data-id=\"e744d45\" data-element_type=\"container\">\n\t\t\t\t\t<div class=\"e-con-inner\">\n\t\t<div class=\"wd-negative-gap elementor-element elementor-element-2abc4734 e-flex e-con-boxed e-con e-child\" data-id=\"2abc4734\" data-element_type=\"container\">\n\t\t\t\t\t<div class=\"e-con-inner\">\n\t\t<div class=\"wd-negative-gap elementor-element elementor-element-e4e90d0 e-flex e-con-boxed e-con e-child\" data-id=\"e4e90d0\" data-element_type=\"container\">\n\t\t\t\t\t<div class=\"e-con-inner\">\n\t\t\t\t<div class=\"elementor-element elementor-element-2191b1a4 elementor-cta--skin-cover elementor-animated-content elementor-bg-transform elementor-bg-transform-zoom-in elementor-widget elementor-widget-call-to-action\" data-id=\"2191b1a4\" data-element_type=\"widget\" data-widget_type=\"call-to-action.default\">\n\t\t\t\t<div class=\"elementor-widget-container\">\n\t\t\t\t\t<a class=\"elementor-cta\" href=\"https:\/\/romadoll.com\/ro\/poze-cu-papusi-sexuale\/\">\n\t\t\t\t\t<div class=\"elementor-cta__bg-wrapper\">\n\t\t\t\t<div class=\"elementor-cta__bg elementor-bg\" style=\"background-image: url(https:\/\/romadoll.com\/wp-content\/uploads\/2024\/04\/redirect.jpg);\" role=\"img\" aria-label=\"redirec\u0163iona\"><\/div>\n\t\t\t\t<div class=\"elementor-cta__bg-overlay\"><\/div>\n\t\t\t<\/div>\n\t\t\t\t\t\t\t<div class=\"elementor-cta__content\">\n\t\t\t\t\n\t\t\t\t\t\t\t\t\t<h2 class=\"elementor-cta__title elementor-cta__content-item elementor-content-item elementor-animated-item--grow\">\n\t\t\t\t\t\tPeste 2500 de mini-p\u0103pu\u0219i sexuale mici <\/br>sexdollxxx .com\t\t\t\t\t<\/h2>\n\t\t\t\t\n\t\t\t\t\t\t\t\t\t<div class=\"elementor-cta__description elementor-cta__content-item elementor-content-item elementor-animated-item--grow\">\n\t\t\t\t\t\t40 cm, 60 cm, 80 cm, 100 cm, 120 cm, 140 cm\t\t\t\t\t<\/div>\n\t\t\t\t\n\t\t\t\t\t\t\t\t\t<div class=\"elementor-cta__button-wrapper elementor-cta__content-item elementor-content-item elementor-animated-item--grow\">\n\t\t\t\t\t<span class=\"elementor-cta__button elementor-button elementor-size-md\">\n\t\t\t\t\t\tCump\u0103r\u0103 acum\t\t\t\t\t<\/span>\n\t\t\t\t\t<\/div>\n\t\t\t\t\t\t\t<\/div>\n\t\t\t\t\t\t<\/a>\n\t\t\t\t<\/div>\n\t\t\t\t<\/div>\n\t\t\t\t\t<\/div>\n\t\t\t\t<\/div>\n\t\t\t\t\t<\/div>\n\t\t\t\t<\/div>\n\t\t\t\t\t<\/div>\n\t\t\t\t<\/div>\n\t\t\t\t<\/div>","protected":false},"excerpt":{"rendered":"<div data-elementor-type=\"section\" data-elementor-id=\"15952\" class=\"elementor elementor-15952\" data-elementor-post-type=\"elementor_library\">\n<div class=\"wd-negative-gap elementor-element elementor-element-49f97e26 e-flex e-con-boxed e-con e-parent\" data-id=\"49f97e26\" data-element_type=\"container\">\n<div class=\"e-con-inner\">\n<div class=\"wd-negative-gap elementor-element elementor-element-449b9556 e-flex e-con-boxed e-con e-child\" data-id=\"449b9556\" data-element_type=\"container\">\n<div class=\"e-con-inner\">\n<div class=\"elementor-element elementor-element-613a7c10 elementor-cta--skin-cover elementor-animated-content elementor-bg-transform elementor-bg-transform-zoom-in elementor-widget elementor-widget-call-to-action\" data-id=\"613a7c10\" data-element_type=\"widget\" data-widget_type=\"call-to-action.default\">\n<div class=\"elementor-widget-container\">\n\t\t\t<link rel=\"stylesheet\" href=\"https:\/\/romadoll.com\/wp-content\/uploads\/elementor\/css\/custom-pro-widget-call-to-action.min.css?ver=1716301540\">\t\t<a class=\"elementor-cta\" href=\"https:\/\/romadoll.com\/ro\/poze-cu-papusi-sexuale\/\"><\/p>\n<div class=\"elementor-cta__bg-wrapper\">\n<div class=\"elementor-cta__bg elementor-bg\" style=\"background-image: url(https:\/\/romadoll.com\/wp-content\/uploads\/2024\/04\/redirect-1.jpg);\" role=\"img\" aria-label=\"redirect.jpg\"><\/div>\n<div class=\"elementor-cta__bg-overlay\"><\/div>\n<\/p><\/div>\n<div class=\"elementor-cta__content\">\n<h2 class=\"elementor-cta__title elementor-cta__content-item elementor-content-item elementor-animated-item--grow\">\n\t\t\t\t\t\tPeste 2500 de mini-p\u0103pu\u0219i sexuale mici <\/br>sexdollxxx .com\t\t\t\t\t<\/h2>\n<div class=\"elementor-cta__description elementor-cta__content-item elementor-content-item elementor-animated-item--grow\">\n\t\t\t\t\t\t40 cm, 60 cm, 80 cm, 100 cm, 120 cm, 140 cm\t\t\t\t\t<\/div>\n<div class=\"elementor-cta__button-wrapper elementor-cta__content-item elementor-content-item elementor-animated-item--grow\">\n\t\t\t\t\t<span class=\"elementor-cta__button elementor-button elementor-size-md\"><br \/>\n\t\t\t\t\t\tCump\u0103r\u0103 acum\t\t\t\t\t<\/span>\n\t\t\t\t\t<\/div>\n<\/p><\/div>\n<p>\t\t\t\t\t\t<\/a>\n\t\t\t\t<\/div>\n<\/p><\/div>\n<\/p><\/div>\n<\/p><\/div>\n<\/p><\/div>\n<\/p><\/div>\n<\/p><\/div>","protected":false},"featured_media":15950,"comment_status":"closed","ping_status":"closed","template":"","meta":[],"product_cat":[773,774,761],"product_tag":[],"aioseo_notices":[],"_links":{"self":[{"href":"https:\/\/romadoll.com\/ro\/wp-json\/wp\/v2\/product\/19915"}],"collection":[{"href":"https:\/\/romadoll.com\/ro\/wp-json\/wp\/v2\/product"}],"about":[{"href":"https:\/\/romadoll.com\/ro\/wp-json\/wp\/v2\/types\/product"}],"replies":[{"embeddable":true,"href":"https:\/\/romadoll.com\/ro\/wp-json\/wp\/v2\/comments?post=19915"}],"version-history":[{"count":1,"href":"https:\/\/romadoll.com\/ro\/wp-json\/wp\/v2\/product\/19915\/revisions"}],"predecessor-version":[{"id":19916,"href":"https:\/\/romadoll.com\/ro\/wp-json\/wp\/v2\/product\/19915\/revisions\/19916"}],"wp:featuredmedia":[{"embeddable":true,"href":"https:\/\/romadoll.com\/ro\/wp-json\/wp\/v2\/media\/15950"}],"wp:attachment":[{"href":"https:\/\/romadoll.com\/ro\/wp-json\/wp\/v2\/media?parent=19915"}],"wp:term":[{"taxonomy":"product_cat","embeddable":true,"href":"https:\/\/romadoll.com\/ro\/wp-json\/wp\/v2\/product_cat?post=19915"},{"taxonomy":"product_tag","embeddable":true,"href":"https:\/\/romadoll.com\/ro\/wp-json\/wp\/v2\/product_tag?post=19915"}],"curies":[{"name":"wp","href":"https:\/\/api.w.org\/{rel}","templated":true}]}}