{"id":15824,"date":"2024-04-22T04:42:42","date_gmt":"2024-04-22T04:42:42","guid":{"rendered":"https:\/\/aimdoll.com\/?page_id=15824"},"modified":"2024-04-24T12:43:05","modified_gmt":"2024-04-24T12:43:05","slug":"sex-doll-pictures","status":"publish","type":"page","link":"https:\/\/romadoll.com\/ro\/poze-cu-papusi-sexuale\/","title":{"rendered":"Poze cu p\u0103pu\u0219i sexuale"},"content":{"rendered":"<div data-elementor-type=\"wp-page\" data-elementor-id=\"15824\" class=\"elementor elementor-15824\" data-elementor-post-type=\"page\">\n\t\t\t\t<div class=\"wd-negative-gap elementor-element elementor-element-d34023 e-flex e-con-boxed e-con e-parent\" data-id=\"d34023\" data-element_type=\"container\">\n\t\t\t\t\t<div class=\"e-con-inner\">\n\t\t\t\t<div class=\"elementor-element elementor-element-02aeb62 elementor-widget elementor-widget-heading\" data-id=\"02aeb62\" data-element_type=\"widget\" data-widget_type=\"heading.default\">\n\t\t\t\t<div class=\"elementor-widget-container\">\n\t\t\t<style>\/*! elementor - v3.21.0 - 15-04-2024 *\/\n.elementor-heading-title{padding:0;margin:0;line-height:1}.elementor-widget-heading .elementor-heading-title[class*=elementor-size-]>a{color:inherit;font-size:inherit;line-height:inherit}.elementor-widget-heading .elementor-heading-title.elementor-size-small{font-size:15px}.elementor-widget-heading .elementor-heading-title.elementor-size-medium{font-size:19px}.elementor-widget-heading .elementor-heading-title.elementor-size-large{font-size:29px}.elementor-widget-heading .elementor-heading-title.elementor-size-xl{font-size:39px}.elementor-widget-heading .elementor-heading-title.elementor-size-xxl{font-size:59px}<\/style><h2 class=\"elementor-heading-title elementor-size-default\">IMAGINI DE P\u0102PU\u0218I DE SEX ORIGINALE DIN FABRICA<\/h2>\t\t<\/div>\n\t\t\t\t<\/div>\n\t\t\t\t<div class=\"elementor-element elementor-element-3f93f22 elementor-widget-divider--view-line elementor-widget elementor-widget-divider\" data-id=\"3f93f22\" data-element_type=\"widget\" data-widget_type=\"divider.default\">\n\t\t\t\t<div class=\"elementor-widget-container\">\n\t\t\t<style>\/*! elementor - v3.21.0 - 15-04-2024 *\/\n.elementor-widget-divider{--divider-border-style:none;--divider-border-width:1px;--divider-color:#0c0d0e;--divider-icon-size:20px;--divider-element-spacing:10px;--divider-pattern-height:24px;--divider-pattern-size:20px;--divider-pattern-url:none;--divider-pattern-repeat:repeat-x}.elementor-widget-divider .elementor-divider{display:flex}.elementor-widget-divider .elementor-divider__text{font-size:15px;line-height:1;max-width:95%}.elementor-widget-divider .elementor-divider__element{margin:0 var(--divider-element-spacing);flex-shrink:0}.elementor-widget-divider .elementor-icon{font-size:var(--divider-icon-size)}.elementor-widget-divider .elementor-divider-separator{display:flex;margin:0;direction:ltr}.elementor-widget-divider--view-line_icon .elementor-divider-separator,.elementor-widget-divider--view-line_text .elementor-divider-separator{align-items:center}.elementor-widget-divider--view-line_icon .elementor-divider-separator:after,.elementor-widget-divider--view-line_icon .elementor-divider-separator:before,.elementor-widget-divider--view-line_text .elementor-divider-separator:after,.elementor-widget-divider--view-line_text .elementor-divider-separator:before{display:block;content:\"\";border-block-end:0;flex-grow:1;border-block-start:var(--divider-border-width) var(--divider-border-style) var(--divider-color)}.elementor-widget-divider--element-align-left .elementor-divider .elementor-divider-separator>.elementor-divider__svg:first-of-type{flex-grow:0;flex-shrink:100}.elementor-widget-divider--element-align-left .elementor-divider-separator:before{content:none}.elementor-widget-divider--element-align-left .elementor-divider__element{margin-left:0}.elementor-widget-divider--element-align-right .elementor-divider .elementor-divider-separator>.elementor-divider__svg:last-of-type{flex-grow:0;flex-shrink:100}.elementor-widget-divider--element-align-right .elementor-divider-separator:after{content:none}.elementor-widget-divider--element-align-right .elementor-divider__element{margin-right:0}.elementor-widget-divider--element-align-start .elementor-divider .elementor-divider-separator>.elementor-divider__svg:first-of-type{flex-grow:0;flex-shrink:100}.elementor-widget-divider--element-align-start .elementor-divider-separator:before{content:none}.elementor-widget-divider--element-align-start .elementor-divider__element{margin-inline-start:0}.elementor-widget-divider--element-align-end .elementor-divider .elementor-divider-separator>.elementor-divider__svg:last-of-type{flex-grow:0;flex-shrink:100}.elementor-widget-divider--element-align-end .elementor-divider-separator:after{content:none}.elementor-widget-divider--element-align-end .elementor-divider__element{margin-inline-end:0}.elementor-widget-divider:not(.elementor-widget-divider--view-line_text):not(.elementor-widget-divider--view-line_icon) .elementor-divider-separator{border-block-start:var(--divider-border-width) var(--divider-border-style) var(--divider-color)}.elementor-widget-divider--separator-type-pattern{--divider-border-style:none}.elementor-widget-divider--separator-type-pattern.elementor-widget-divider--view-line .elementor-divider-separator,.elementor-widget-divider--separator-type-pattern:not(.elementor-widget-divider--view-line) .elementor-divider-separator:after,.elementor-widget-divider--separator-type-pattern:not(.elementor-widget-divider--view-line) .elementor-divider-separator:before,.elementor-widget-divider--separator-type-pattern:not([class*=elementor-widget-divider--view]) .elementor-divider-separator{width:100%;min-height:var(--divider-pattern-height);-webkit-mask-size:var(--divider-pattern-size) 100%;mask-size:var(--divider-pattern-size) 100%;-webkit-mask-repeat:var(--divider-pattern-repeat);mask-repeat:var(--divider-pattern-repeat);background-color:var(--divider-color);-webkit-mask-image:var(--divider-pattern-url);mask-image:var(--divider-pattern-url)}.elementor-widget-divider--no-spacing{--divider-pattern-size:auto}.elementor-widget-divider--bg-round{--divider-pattern-repeat:round}.rtl .elementor-widget-divider .elementor-divider__text{direction:rtl}.e-con-inner>.elementor-widget-divider,.e-con>.elementor-widget-divider{width:var(--container-widget-width,100%);--flex-grow:var(--container-widget-flex-grow)}<\/style>\t\t<div class=\"elementor-divider\">\n\t\t\t<span class=\"elementor-divider-separator\">\n\t\t\t\t\t\t<\/span>\n\t\t<\/div>\n\t\t\t\t<\/div>\n\t\t\t\t<\/div>\n\t\t\t\t<div class=\"elementor-element elementor-element-8720d2b elementor-button-danger elementor-align-center elementor-widget elementor-widget-button\" data-id=\"8720d2b\" data-element_type=\"widget\" data-widget_type=\"button.default\">\n\t\t\t\t<div class=\"elementor-widget-container\">\n\t\t\t\t\t<div class=\"elementor-button-wrapper\">\n\t\t\t<a class=\"elementor-button elementor-button-link elementor-size-lg\" href=\"https:\/\/aino.aidoll-japan.com\">\n\t\t\t\t\t\t<span class=\"elementor-button-content-wrapper\">\n\t\t\t\t\t\t\t\t\t<span class=\"elementor-button-text\">Cump\u0103r\u0103 acum<\/span>\n\t\t\t\t\t<\/span>\n\t\t\t\t\t<\/a>\n\t\t<\/div>\n\t\t\t\t<\/div>\n\t\t\t\t<\/div>\n\t\t\t\t<div class=\"elementor-element elementor-element-23fe614e elementor-widget elementor-widget-image\" data-id=\"23fe614e\" data-element_type=\"widget\" data-widget_type=\"image.default\">\n\t\t\t\t<div class=\"elementor-widget-container\">\n\t\t\t<style>\/*! elementor - v3.21.0 - 15-04-2024 *\/\n.elementor-widget-image{text-align:center}.elementor-widget-image a{display:inline-block}.elementor-widget-image a img[src$=\".svg\"]{width:48px}.elementor-widget-image img{vertical-align:middle;display:inline-block}<\/style>\t\t\t\t\t\t\t\t\t\t\t<a href=\"https:\/\/aino.aidoll-japan.com\">\n\t\t\t\t\t\t\t<img loading=\"lazy\" decoding=\"async\" width=\"1800\" height=\"1200\" src=\"https:\/\/romadoll.com\/wp-content\/uploads\/2024\/04\/page-gallery-1.jpg\" class=\"attachment-full size-full wp-image-15826\" alt=\"\" srcset=\"https:\/\/romadoll.com\/wp-content\/uploads\/2024\/04\/page-gallery-1.jpg 1800w, https:\/\/romadoll.com\/wp-content\/uploads\/2024\/04\/page-gallery-1-430x287.jpg 430w, https:\/\/romadoll.com\/wp-content\/uploads\/2024\/04\/page-gallery-1-150x100.jpg 150w, https:\/\/romadoll.com\/wp-content\/uploads\/2024\/04\/page-gallery-1-700x467.jpg 700w, https:\/\/romadoll.com\/wp-content\/uploads\/2024\/04\/page-gallery-1-400x267.jpg 400w, https:\/\/romadoll.com\/wp-content\/uploads\/2024\/04\/page-gallery-1-1200x800.jpg 1200w, https:\/\/romadoll.com\/wp-content\/uploads\/2024\/04\/page-gallery-1-768x512.jpg 768w, https:\/\/romadoll.com\/wp-content\/uploads\/2024\/04\/page-gallery-1-1536x1024.jpg 1536w, https:\/\/romadoll.com\/wp-content\/uploads\/2024\/04\/page-gallery-1-860x573.jpg 860w\" sizes=\"(max-width: 1800px) 100vw, 1800px\" \/>\t\t\t\t\t\t\t\t<\/a>\n\t\t\t\t\t\t\t\t\t\t\t\t\t<\/div>\n\t\t\t\t<\/div>\n\t\t\t\t<div class=\"elementor-element elementor-element-50b326d0 elementor-button-danger elementor-align-center elementor-widget elementor-widget-button\" data-id=\"50b326d0\" data-element_type=\"widget\" data-widget_type=\"button.default\">\n\t\t\t\t<div class=\"elementor-widget-container\">\n\t\t\t\t\t<div class=\"elementor-button-wrapper\">\n\t\t\t<a class=\"elementor-button elementor-button-link elementor-size-lg\" href=\"https:\/\/aino.aidoll-japan.com\">\n\t\t\t\t\t\t<span class=\"elementor-button-content-wrapper\">\n\t\t\t\t\t\t\t\t\t<span class=\"elementor-button-text\">Verifica\u021bi mai multe imagini<\/span>\n\t\t\t\t\t<\/span>\n\t\t\t\t\t<\/a>\n\t\t<\/div>\n\t\t\t\t<\/div>\n\t\t\t\t<\/div>\n\t\t\t\t<div class=\"elementor-element elementor-element-aac3a91 color-scheme-inherit text-left elementor-widget elementor-widget-text-editor\" data-id=\"aac3a91\" data-element_type=\"widget\" data-widget_type=\"text-editor.default\">\n\t\t\t\t<div class=\"elementor-widget-container\">\n\t\t\t<style>\/*! elementor - v3.21.0 - 15-04-2024 *\/\n.elementor-widget-text-editor.elementor-drop-cap-view-stacked .elementor-drop-cap{background-color:#69727d;color:#fff}.elementor-widget-text-editor.elementor-drop-cap-view-framed .elementor-drop-cap{color:#69727d;border:3px solid;background-color:transparent}.elementor-widget-text-editor:not(.elementor-drop-cap-view-default) .elementor-drop-cap{margin-top:8px}.elementor-widget-text-editor:not(.elementor-drop-cap-view-default) .elementor-drop-cap-letter{width:1em;height:1em}.elementor-widget-text-editor .elementor-drop-cap{float:left;text-align:center;line-height:1;font-size:50px}.elementor-widget-text-editor .elementor-drop-cap-letter{display:inline-block}<\/style>\t\t\t\t<p>Ainodoll este dedicat localiz\u0103rii produc\u0103torilor de p\u0103pu\u0219i de \u00eencredere \u0219i la pre\u021buri rezonabile. Ainodoll este cea mai bun\u0103 op\u021biune dac\u0103 \u00eencerca\u021bi s\u0103 g\u0103si\u021bi retaileri respectabili \u0219i la pre\u021buri rezonabile.<\/p>\t\t\t\t\t\t<\/div>\n\t\t\t\t<\/div>\n\t\t\t\t<div class=\"elementor-element elementor-element-5d67fd7a color-scheme-inherit text-left elementor-widget elementor-widget-text-editor\" data-id=\"5d67fd7a\" data-element_type=\"widget\" data-widget_type=\"text-editor.default\">\n\t\t\t\t<div class=\"elementor-widget-container\">\n\t\t\t\t\t\t\t<p>Dup\u0103 ce este f\u0103cut\u0103 p\u0103pu\u0219a, este examinat\u0103 cu aten\u021bie pentru a v\u0103 asigura c\u0103 se ridic\u0103 la nivelul celor mai \u00eenalte a\u0219tept\u0103ri. Aceast\u0103 imagine arat\u0103 instala\u021bia din care este trimis\u0103 p\u0103pu\u0219a ta. Dac\u0103 nu g\u0103si\u021bi o p\u0103pu\u0219\u0103 care v\u0103 place, ne pute\u021bi contacta prin chat online sau e-mail<\/p>\t\t\t\t\t\t<\/div>\n\t\t\t\t<\/div>\n\t\t\t\t<div class=\"elementor-element elementor-element-7ed8a990 color-scheme-inherit text-left elementor-widget elementor-widget-text-editor\" data-id=\"7ed8a990\" data-element_type=\"widget\" data-widget_type=\"text-editor.default\">\n\t\t\t\t<div class=\"elementor-widget-container\">\n\t\t\t\t\t\t\tV\u0103 rug\u0103m s\u0103 re\u021bine\u021bi c\u0103 p\u0103pu\u0219ile din aceste imagini au at\u00e2t op\u021biuni pl\u0103tite, c\u00e2t \u0219i op\u021biuni gratuite. Caracteristicile pe care le selecta\u021bi ar putea schimba modul \u00een care arat\u0103 p\u0103pu\u0219a dvs.\t\t\t\t\t\t<\/div>\n\t\t\t\t<\/div>\n\t\t\t\t<div class=\"elementor-element elementor-element-3aebe77c color-scheme-inherit text-left elementor-widget elementor-widget-text-editor\" data-id=\"3aebe77c\" data-element_type=\"widget\" data-widget_type=\"text-editor.default\">\n\t\t\t\t<div class=\"elementor-widget-container\">\n\t\t\t\t\t\t\t\u00cen cur\u00e2nd vor fi mai multe imagini actualizate \u00een fiecare lun\u0103!\t\t\t\t\t\t<\/div>\n\t\t\t\t<\/div>\n\t\t\t\t<div class=\"elementor-element elementor-element-3267af82 color-scheme-inherit text-left elementor-widget elementor-widget-text-editor\" data-id=\"3267af82\" data-element_type=\"widget\" data-widget_type=\"text-editor.default\">\n\t\t\t\t<div class=\"elementor-widget-container\">\n\t\t\t\t\t\t\t\u00cenainte de a plasa o comand\u0103, a\u021bi putea dori s\u0103 v\u0103 uita\u021bi la imagini suplimentare needitate ale p\u0103pu\u0219ilor sexuale reale. Pentru recenzia dvs., am inclus imagini cu p\u0103pu\u0219i sexuale chiar scoase din fabric\u0103. Aceste poze au fost f\u0103cute \u00een fabric\u0103 dup\u0103 terminarea lucr\u0103rilor, iar noi le-am ales pe cele mai frumoase. De\u0219i loca\u021bia \u0219i iluminarea nu sunt perfecte, acestea sunt cele mai precise imagini care v\u0103 pot fi de folos.\t\t\t\t\t\t<\/div>\n\t\t\t\t<\/div>\n\t\t\t\t<div class=\"elementor-element elementor-element-13fa9dc6 color-scheme-inherit text-left elementor-widget elementor-widget-text-editor\" data-id=\"13fa9dc6\" data-element_type=\"widget\" data-widget_type=\"text-editor.default\">\n\t\t\t\t<div class=\"elementor-widget-container\">\n\t\t\t\t\t\t\tV\u0103 rug\u0103m s\u0103 re\u021bine\u021bi c\u0103, dup\u0103 plasarea comenzii, v\u0103 vom trimite prin e-mail fotografia din fabric\u0103 odat\u0103 ce p\u0103pu\u0219a sexual\u0103 este creat\u0103, dac\u0103 dori\u021bi s\u0103 o vizualiza\u021bi \u00eenainte ca p\u0103pu\u0219a s\u0103 fie expediat\u0103.\t\t\t\t\t\t<\/div>\n\t\t\t\t<\/div>\n\t\t\t\t\t<\/div>\n\t\t\t\t<\/div>\n\t\t\t\t<\/div>","protected":false},"excerpt":{"rendered":"<p>IMAGINI DE P\u0102PU\u0218I DE SEX ORIGINALE DE FABRIC\u0102 Cump\u0103ra\u021bi acum Verifica\u021bi mai multe imagini Ainodoll este dedicat\u0103 g\u0103sirii de \u00eencredere \u0219i la pre\u021buri rezonabile<\/p>","protected":false},"author":1,"featured_media":0,"parent":0,"menu_order":0,"comment_status":"closed","ping_status":"closed","template":"","meta":{"footnotes":""},"aioseo_notices":[],"_links":{"self":[{"href":"https:\/\/romadoll.com\/ro\/wp-json\/wp\/v2\/pages\/15824"}],"collection":[{"href":"https:\/\/romadoll.com\/ro\/wp-json\/wp\/v2\/pages"}],"about":[{"href":"https:\/\/romadoll.com\/ro\/wp-json\/wp\/v2\/types\/page"}],"author":[{"embeddable":true,"href":"https:\/\/romadoll.com\/ro\/wp-json\/wp\/v2\/users\/1"}],"replies":[{"embeddable":true,"href":"https:\/\/romadoll.com\/ro\/wp-json\/wp\/v2\/comments?post=15824"}],"version-history":[{"count":16,"href":"https:\/\/romadoll.com\/ro\/wp-json\/wp\/v2\/pages\/15824\/revisions"}],"predecessor-version":[{"id":21458,"href":"https:\/\/romadoll.com\/ro\/wp-json\/wp\/v2\/pages\/15824\/revisions\/21458"}],"wp:attachment":[{"href":"https:\/\/romadoll.com\/ro\/wp-json\/wp\/v2\/media?parent=15824"}],"curies":[{"name":"wp","href":"https:\/\/api.w.org\/{rel}","templated":true}]}}