{"id":15592,"date":"2024-04-19T12:46:24","date_gmt":"2024-04-19T12:46:24","guid":{"rendered":"https:\/\/aimdoll.com\/?page_id=15592"},"modified":"2024-04-24T12:42:10","modified_gmt":"2024-04-24T12:42:10","slug":"about-us","status":"publish","type":"page","link":"https:\/\/romadoll.com\/ro\/despre-noi\/","title":{"rendered":"Despre noi"},"content":{"rendered":"<div data-elementor-type=\"wp-page\" data-elementor-id=\"15592\" class=\"elementor elementor-15592\" data-elementor-post-type=\"page\">\n\t\t\t\t\t\t<section class=\"wd-negative-gap elementor-section elementor-top-section elementor-element elementor-element-63ccb5ca space-xlg elementor-section-boxed elementor-section-height-default elementor-section-height-default\" data-id=\"63ccb5ca\" data-element_type=\"section\">\n\t\t\t\t\t\t<div class=\"elementor-container elementor-column-gap-default\">\n\t\t\t\t\t<div class=\"elementor-column elementor-col-100 elementor-top-column elementor-element elementor-element-7328e9f9\" data-id=\"7328e9f9\" data-element_type=\"column\">\n\t\t\t<div class=\"elementor-widget-wrap elementor-element-populated\">\n\t\t\t\t\t\t<div class=\"elementor-element elementor-element-65436a36 m-t-n-xs mb-5 elementor-widget elementor-widget-heading\" data-id=\"65436a36\" data-element_type=\"widget\" data-widget_type=\"heading.default\">\n\t\t\t\t<div class=\"elementor-widget-container\">\n\t\t\t<style>\/*! elementor - v3.21.0 - 15-04-2024 *\/\n.elementor-heading-title{padding:0;margin:0;line-height:1}.elementor-widget-heading .elementor-heading-title[class*=elementor-size-]>a{color:inherit;font-size:inherit;line-height:inherit}.elementor-widget-heading .elementor-heading-title.elementor-size-small{font-size:15px}.elementor-widget-heading .elementor-heading-title.elementor-size-medium{font-size:19px}.elementor-widget-heading .elementor-heading-title.elementor-size-large{font-size:29px}.elementor-widget-heading .elementor-heading-title.elementor-size-xl{font-size:39px}.elementor-widget-heading .elementor-heading-title.elementor-size-xxl{font-size:59px}<\/style><h2 class=\"elementor-heading-title elementor-size-default\">DESPRE AINODOLL<\/h2>\t\t<\/div>\n\t\t\t\t<\/div>\n\t\t\t\t<div class=\"elementor-element elementor-element-596e654d mb-4 elementor-widget elementor-widget-heading\" data-id=\"596e654d\" data-element_type=\"widget\" data-widget_type=\"heading.default\">\n\t\t\t\t<div class=\"elementor-widget-container\">\n\t\t\t<h3 class=\"elementor-heading-title elementor-size-default\">Cine suntem noi<\/h3>\t\t<\/div>\n\t\t\t\t<\/div>\n\t\t\t\t<section class=\"elementor-section elementor-inner-section elementor-element elementor-element-7fd9f02d elementor-section-full_width elementor-section-height-default elementor-section-height-default\" data-id=\"7fd9f02d\" data-element_type=\"section\">\n\t\t\t\t\t\t<div class=\"elementor-container elementor-column-gap-default\">\n\t\t\t\t\t<div class=\"elementor-column elementor-col-100 elementor-inner-column elementor-element elementor-element-6e5a7277\" data-id=\"6e5a7277\" data-element_type=\"column\">\n\t\t\t<div class=\"elementor-widget-wrap elementor-element-populated\">\n\t\t\t\t\t\t<div class=\"elementor-element elementor-element-4f47d2b8 color-scheme-inherit text-left elementor-widget elementor-widget-text-editor\" data-id=\"4f47d2b8\" data-element_type=\"widget\" data-widget_type=\"text-editor.default\">\n\t\t\t\t<div class=\"elementor-widget-container\">\n\t\t\t<style>\/*! elementor - v3.21.0 - 15-04-2024 *\/\n.elementor-widget-text-editor.elementor-drop-cap-view-stacked .elementor-drop-cap{background-color:#69727d;color:#fff}.elementor-widget-text-editor.elementor-drop-cap-view-framed .elementor-drop-cap{color:#69727d;border:3px solid;background-color:transparent}.elementor-widget-text-editor:not(.elementor-drop-cap-view-default) .elementor-drop-cap{margin-top:8px}.elementor-widget-text-editor:not(.elementor-drop-cap-view-default) .elementor-drop-cap-letter{width:1em;height:1em}.elementor-widget-text-editor .elementor-drop-cap{float:left;text-align:center;line-height:1;font-size:50px}.elementor-widget-text-editor .elementor-drop-cap-letter{display:inline-block}<\/style>\t\t\t\t<p>Ainodoll.com este site-ul oficial al mini-p\u0103pu\u0219ilor sexuale. Suntem o echip\u0103 de p\u0103pu\u0219i sexuale din China \u0219i avem 6 ani de experien\u021b\u0103 \u00een v\u00e2nzarea de p\u0103pu\u0219i sexuale online. \u00cen prezent, mini-p\u0103pu\u0219ile noastre sexuale sunt v\u00e2ndute \u00een principal \u00een America de Nord, Europa, Japonia \u0219i Australia.<\/p>\t\t\t\t\t\t<\/div>\n\t\t\t\t<\/div>\n\t\t\t\t\t<\/div>\n\t\t<\/div>\n\t\t\t\t\t<\/div>\n\t\t<\/section>\n\t\t\t\t<div class=\"elementor-element elementor-element-1a33b11d m-b-xl elementor-widget elementor-widget-heading\" data-id=\"1a33b11d\" data-element_type=\"widget\" data-widget_type=\"heading.default\">\n\t\t\t\t<div class=\"elementor-widget-container\">\n\t\t\t<h2 class=\"elementor-heading-title elementor-size-default\">De ce s\u0103 ne alege\u021bi<\/h2>\t\t<\/div>\n\t\t\t\t<\/div>\n\t\t\t\t<section class=\"elementor-section elementor-inner-section elementor-element elementor-element-404f4648 elementor-section-full_width mb-4 pb-1 elementor-section-height-default elementor-section-height-default\" data-id=\"404f4648\" data-element_type=\"section\">\n\t\t\t\t\t\t<div class=\"elementor-container elementor-column-gap-default\">\n\t\t\t\t\t<div class=\"elementor-column elementor-col-100 elementor-inner-column elementor-element elementor-element-6a15efb2\" data-id=\"6a15efb2\" data-element_type=\"column\">\n\t\t\t<div class=\"elementor-widget-wrap elementor-element-populated\">\n\t\t\t\t\t\t<div class=\"elementor-element elementor-element-f38a1ea color-scheme-inherit text-left elementor-widget elementor-widget-text-editor\" data-id=\"f38a1ea\" data-element_type=\"widget\" data-widget_type=\"text-editor.default\">\n\t\t\t\t<div class=\"elementor-widget-container\">\n\t\t\t\t\t\t\t<h5>*100% P\u0103pu\u0219i sexuale originale, autentice \u0219i certificate din fabric\u0103<\/h5><p>\u00cen calitate de furnizor profesionist de mini p\u0103pu\u0219i sexuale, oferim doar produse de \u00eenalt\u0103 calitate pentru p\u0103pu\u0219i \u0219i lucr\u0103m cu produc\u0103tori care \u00eendeplinesc specifica\u021biile noastre de calitate, cum ar fi WM Dolls, Irontech Doll, 6Ye Doll etc.<br \/>\u0218tim ce vrei atunci c\u00e2nd faci cump\u0103r\u0103turi pentru o p\u0103pu\u0219\u0103 sexual\u0103 de calitate \u0219i avem o selec\u021bie de p\u0103pu\u0219i sexuale realiste doar pentru tine. P\u0103pu\u0219ile noastre sunt rezultatul unui design de precizie care le face interesante \u0219i stimulatoare de utilizat. P\u0103pu\u0219ile noastre de dragoste sunt sculptate manual de profesioni\u0219ti care dedic\u0103 mult timp pentru a scoate \u00een eviden\u021b\u0103 fiecare detaliu. La ainodoll, suntem m\u00e2ndri de aten\u021bia acordat\u0103 detaliilor \u0219i de calitatea produsului \u0219i, prin urmare, garant\u0103m satisfac\u021bia clien\u021bilor no\u0219tri.<\/p><h5>*Colectie imensa de papusi (2000+ mini-papusi)<\/h5><p>Fabrica noastr\u0103 de p\u0103pu\u0219i dezvolt\u0103 noi modele pentru a ad\u0103uga noi p\u0103pu\u0219i de dragoste \u00een fiecare s\u0103pt\u0103m\u00e2n\u0103. Cu at\u00e2t de multe corpuri \u0219i stiluri de cap din care s\u0103 alegi, orice este posibil! De la modele mari, voluptuoase p\u00e2n\u0103 la babe sub\u021biri \u0219i agile, orice gust poate fi satisf\u0103cut. Aceasta include \u0219i unii dintre iubi\u021bii no\u0219tri exotici, inclusiv frumuse\u021bi elfice \u0219i mame dolofane. Cu capete interschimbabile, nu a fost niciodat\u0103 mai u\u0219or s\u0103 amesteci lucrurile \u0219i s\u0103 \u00eencerci ceva nou!<\/p><h5>*Plata securizata<\/h5><p>Site-ul nostru este criptat SSL \u0219i folosim \u0219i PayPal pentru a v\u0103 garanta confiden\u021bialitatea \u0219i siguran\u021ba. Nu vom procesa comanda dumneavoastr\u0103 p\u00e2n\u0103 c\u00e2nd nu confirm\u0103m c\u0103 informa\u021biile dvs. de plat\u0103 sunt legitime. Toate tranzac\u021biile noastre bancare, toate livrate, nu se bazeaz\u0103 pe natura produsului. Ne angaj\u0103m s\u0103 oferim cel mai \u00eenalt nivel de confiden\u021bialitate \u0219i nu vom dezv\u0103lui niciodat\u0103 informa\u021biile dumneavoastr\u0103 personale c\u0103tre ter\u021bi. Pentru mai multe informa\u021bii de plat\u0103, v\u0103 rug\u0103m s\u0103 consulta\u021bi pagina cu ghidul de plat\u0103.<\/p><h5>* Pre\u021b accesibil \u0219i corect<\/h5><p>C\u00e2nd cump\u0103ra\u021bi p\u0103pu\u0219i sexuale pe ainodoll.com, pute\u021bi fi \u00eentotdeauna sigur c\u0103 ve\u021bi g\u0103si ceva \u00een limita bugetului dvs. Gama noastr\u0103 de p\u0103pu\u0219i sexuale de lux are un pre\u021b rezonabil. Ne propunem s\u0103 v\u0103 oferim o p\u0103pu\u0219\u0103 sexual\u0103 care v\u0103 serve\u0219te excelent \u0219i este la \u00eendem\u00e2n\u0103.<\/p><h5>*F\u0103r\u0103 \u00een\u0219el\u0103torie \u0219i Garan\u021bie de cump\u0103rare de satisfac\u021bie<\/h5>\t\t\t\t\t\t<\/div>\n\t\t\t\t<\/div>\n\t\t\t\t\t<\/div>\n\t\t<\/div>\n\t\t\t\t\t<\/div>\n\t\t<\/section>\n\t\t\t\t<section class=\"elementor-section elementor-inner-section elementor-element elementor-element-47670a94 elementor-section-full_width elementor-section-height-default elementor-section-height-default\" data-id=\"47670a94\" data-element_type=\"section\">\n\t\t\t\t\t\t<div class=\"elementor-container elementor-column-gap-default\">\n\t\t\t\t\t<div class=\"elementor-column elementor-col-100 elementor-inner-column elementor-element elementor-element-37e64a0a\" data-id=\"37e64a0a\" data-element_type=\"column\">\n\t\t\t<div class=\"elementor-widget-wrap elementor-element-populated\">\n\t\t\t\t\t\t<div class=\"elementor-element elementor-element-1012628c color-scheme-inherit text-left elementor-widget elementor-widget-text-editor\" data-id=\"1012628c\" data-element_type=\"widget\" data-widget_type=\"text-editor.default\">\n\t\t\t\t<div class=\"elementor-widget-container\">\n\t\t\t\t\t\t\t<p>Nu oferim niciun produs fals promovat, trat\u0103m sincer \u0219i salut\u0103m fiecare client care iube\u0219te p\u0103pu\u0219ile sexuale.<\/p><p>De asemenea, muncim din greu pentru a ne asigura c\u0103 ob\u021bine\u021bi cea mai bun\u0103 p\u0103pu\u0219\u0103 sexual\u0103 posibil\u0103. Inspect\u0103m vizual fiecare p\u0103pu\u0219\u0103 din cap p\u00e2n\u0103 \u00een picioare \u00eenainte de a ne acorda aprobarea ca ea s\u0103 vin\u0103 acas\u0103 la tine. Ea nu pleac\u0103 p\u00e2n\u0103 nu trece. Ne putem asigura chiar \u0219i c\u0103 lucrurile mici pe care le-a\u021bi solicitat \u00een mod special sunt \u00eengrijite conform specifica\u021biilor dumneavoastr\u0103.<\/p><p>Dac\u0103 exist\u0103 vreo gre\u0219eal\u0103 cu comanda dumneavoastr\u0103 (defecte sau expediere gre\u0219it\u0103) la primirea p\u0103pu\u0219ii dvs., o vom repara sau o vom \u00eenlocui. Pentru mai multe informa\u021bii, v\u0103 rug\u0103m s\u0103 verifica\u021bi pagina Politica de retur.<\/p>\t\t\t\t\t\t<\/div>\n\t\t\t\t<\/div>\n\t\t\t\t\t<\/div>\n\t\t<\/div>\n\t\t\t\t\t<\/div>\n\t\t<\/section>\n\t\t\t\t\t<\/div>\n\t\t<\/div>\n\t\t\t\t\t<\/div>\n\t\t<\/section>\n\t\t\t\t<\/div>","protected":false},"excerpt":{"rendered":"<p>DESPRE AINODOLL Cine suntem Ainodoll.com este site-ul oficial al mini-papusilor sexuale. Suntem o echip\u0103 de p\u0103pu\u0219i sexuale<\/p>","protected":false},"author":1,"featured_media":0,"parent":0,"menu_order":0,"comment_status":"closed","ping_status":"closed","template":"","meta":{"footnotes":""},"aioseo_notices":[],"_links":{"self":[{"href":"https:\/\/romadoll.com\/ro\/wp-json\/wp\/v2\/pages\/15592"}],"collection":[{"href":"https:\/\/romadoll.com\/ro\/wp-json\/wp\/v2\/pages"}],"about":[{"href":"https:\/\/romadoll.com\/ro\/wp-json\/wp\/v2\/types\/page"}],"author":[{"embeddable":true,"href":"https:\/\/romadoll.com\/ro\/wp-json\/wp\/v2\/users\/1"}],"replies":[{"embeddable":true,"href":"https:\/\/romadoll.com\/ro\/wp-json\/wp\/v2\/comments?post=15592"}],"version-history":[{"count":9,"href":"https:\/\/romadoll.com\/ro\/wp-json\/wp\/v2\/pages\/15592\/revisions"}],"predecessor-version":[{"id":21455,"href":"https:\/\/romadoll.com\/ro\/wp-json\/wp\/v2\/pages\/15592\/revisions\/21455"}],"wp:attachment":[{"href":"https:\/\/romadoll.com\/ro\/wp-json\/wp\/v2\/media?parent=15592"}],"curies":[{"name":"wp","href":"https:\/\/api.w.org\/{rel}","templated":true}]}}